{"id":180,"date":"2023-04-11T17:08:52","date_gmt":"2023-04-11T14:08:52","guid":{"rendered":"https:\/\/ambbucarest.esteri.it\/italia-e-romania\/"},"modified":"2026-01-14T11:18:57","modified_gmt":"2026-01-14T09:18:57","slug":"italia-e-romania","status":"publish","type":"page","link":"https:\/\/ambbucarest.esteri.it\/ro\/italia-e-romania\/","title":{"rendered":"Italia \u0219i Rom\u00e2nia"},"content":{"rendered":"<p><img loading=\"lazy\" decoding=\"async\" class=\"size-full wp-image-3958 img-fluid alignleft\" src=\"https:\/\/ambbucarest.esteri.it\/wp-content\/uploads\/2023\/12\/big_vizita_oficiala_a_presedintelui_republicii_italiene_domnul_sergio_mattarella_25.jpg\" alt=\"\" width=\"960\" height=\"540\" srcset=\"https:\/\/ambbucarest.esteri.it\/wp-content\/uploads\/2023\/12\/big_vizita_oficiala_a_presedintelui_republicii_italiene_domnul_sergio_mattarella_25.jpg 960w, https:\/\/ambbucarest.esteri.it\/wp-content\/uploads\/2023\/12\/big_vizita_oficiala_a_presedintelui_republicii_italiene_domnul_sergio_mattarella_25-300x169.jpg 300w, https:\/\/ambbucarest.esteri.it\/wp-content\/uploads\/2023\/12\/big_vizita_oficiala_a_presedintelui_republicii_italiene_domnul_sergio_mattarella_25-768x432.jpg 768w\" sizes=\"auto, (max-width: 960px) 100vw, 960px\" \/><\/p>\n<p><strong>Cooperare politic\u0103<\/strong><\/p>\n<p>Rela\u021biile dintre Italia \u0219i Rom\u00e2nia se caracterizeaz\u0103 printr-un grad ridicat de intensitate, at\u00e2t \u00een ceea ce prive\u0219te dialogul politic, c\u00e2t \u0219i colaborarea economic\u0103 \u0219i comercial\u0103, desf\u0103\u0219ur\u00e2ndu-se \u00een cadrul Declara\u021biei privind Parteneriatul Strategic Consolidat, re\u00eennoit\u0103 cel mai recent la 15 februarie 2024, cu prilejul celui de-al treilea Summit interguvernamental Italia-Rom\u00e2nia. Dup\u0103 primele dou\u0103 edi\u021bii ale Summitului, desf\u0103\u0219urate la 9 octombrie 2008 \u0219i 30-31 mai 2011, dialogul politic a continuat \u00eentr-un ritm sus\u021binut, av\u00e2nd loc numeroase \u00eentrevederi bilaterale la nivel \u00eenalt.<\/p>\n<p>Printre cele mai semnificative momente se num\u0103r\u0103 vizita \u00een Italia, \u00een aprilie 2015, a Pre\u0219edintelui Rom\u00e2niei, Klaus Iohannis, care a avut \u00eentrevederi cu Pre\u0219edintele Republicii Italiene, Sergio Mattarella, \u0219i cu Pre\u0219edintele Consiliului de Mini\u0219tri, Matteo Renzi. \u00cen acela\u0219i an (8-9 iulie 2015), Ministrul Afacerilor Externe \u0219i Cooper\u0103rii Interna\u021bionale al Italiei, Dl. Paolo Gentiloni, a efectuat o vizit\u0103 la Bucure\u0219ti, deschiz\u00e2nd lucr\u0103rile Conferin\u021bei ANCE \u0219i av\u00e2nd \u00eent\u00e2lniri cu cele mai \u00eenalte autorit\u0103\u021bi rom\u00e2ne (inclusiv cu Pre\u0219edintele Iohannis \u0219i Prim-Ministrul Victor Ponta), dar \u0219i cu reprezentan\u021bi ai mediului de afaceri \u0219i ai \u201eSistemului Italia\u201d \u00een Rom\u00e2nia.<\/p>\n<p>Pre\u0219edinta Camerei Deputa\u021bilor din Italia, Dna. Laura Boldrini, a efectuat o vizit\u0103 oficial\u0103 \u00een Rom\u00e2nia la 21-22 martie 2016. Ulterior, Pre\u0219edintele Republicii Italiene, Sergio Mattarella, a vizitat Bucure\u0219tiul \u00een perioada 13-14 iunie 2016, av\u00e2nd \u00eentrevederi cu Pre\u0219edintele Iohannis \u0219i cu Prim-Ministrul de la acea vreme, Dacian Ciolo\u0219. Pe 22 noiembrie 2016, Ministrul rom\u00e2n al Afacerilor Externe, Laz\u0103r Com\u0103nescu, s-a \u00eent\u00e2lnit la Roma cu omologul s\u0103u italian, Paolo Gentiloni.<\/p>\n<p>Vizita Pre\u0219edintelui Consiliului de Mini\u0219tri al Italiei, Paolo Gentiloni, la Bucure\u0219ti, la 19 aprilie 2018, unde s-a \u00eent\u00e2lnit cu Premierul rom\u00e2n, Viorica D\u0103ncil\u0103, \u0219i cu Pre\u0219edintele Klaus Iohannis, a contribuit la consolidarea rela\u021biilor bilaterale, inclusiv \u00een contextul cooper\u0103rii la nivelul Uniunii Europene, confirm\u00e2nd o convergen\u021b\u0103 de viziuni asupra numeroaselor dosare europene. La 14-15 iunie 2018, Pre\u0219edinta Senatului italian, Maria Elisabetta Alberti Casellati, a efectuat o vizit\u0103 la Bucure\u0219ti, cu ocazia reuniunii Asocia\u021biei Senatelor din Europa.<\/p>\n<p>\u00cen octombrie 2018, Pre\u0219edintele Iohannis a efectuat o vizit\u0103 de stat \u00een Italia, unde s-a \u00eent\u00e2lnit cu Pre\u0219edintele Republicii, Sergio Mattarella, cu Prim-Ministrul Giuseppe Conte, cu Pre\u0219edinta Senatului, Alberti Casellati, \u0219i cu Pre\u0219edintele Camerei Deputa\u021bilor, Roberto Fico.<\/p>\n<p>La 14 martie 2022, Ministrul italian al Afacerilor Externe \u0219i Cooper\u0103rii Interna\u021bionale, Dl. Luigi Di Maio, a efectuat o vizit\u0103 la Bucure\u0219ti, urmat\u0103 de vizita Ministrului Ap\u0103r\u0103rii, Lorenzo Guerini, la Constan\u021ba, \u00een perioada 28-29 martie. \u00cen 29-30 noiembrie 2022, Vicepremierul \u0219i Ministrul Afacerilor Externe, On. Antonio Tajani, a participat, \u00een numele Italiei, la Summitul NATO de la Bucure\u0219ti.<\/p>\n<p>\u00cen perioada 8-9 mai 2023, Ministrul pentru \u00centreprinderi \u0219i Made in Italy, Adolfo Urso, a efectuat o vizit\u0103 la Bucure\u0219ti, av\u00e2nd \u00eentrevederi cu Prim-Ministrul Rom\u00e2niei, Nicolae Ciuc\u0103, precum \u0219i cu Ministrul Economiei, Florin Sp\u0103taru, \u0219i Ministrul Mediului, T\u00e1nczos Barna.<\/p>\n<p>La 15 februarie 2024, la Roma, a avut loc cel de-al treilea Summit interguvernamental Italia-Rom\u00e2nia, la care au participat Pre\u0219edinta Consiliului de Mini\u0219tri, Giorgia Meloni, \u0219i Prim-Ministrul Rom\u00e2niei, Marcel Ciolacu, care au sus\u021binut declara\u021bii comune de pres\u0103. Cu aceast\u0103 ocazie, a fost semnat\u0103 o Declara\u021bie comun\u0103 privind consolidarea Parteneriatului Strategic \u0219i alte \u0219apte documente viz\u00e2nd domenii strategice precum: ap\u0103rarea, cooperarea poli\u021bieneasc\u0103, justi\u021bia, sprijinul pentru start-up-uri, cooperarea \u00een domeniul energiei nucleare, securitatea cibernetic\u0103, turismul, protec\u021bia civil\u0103 \u0219i formarea func\u021bionarilor publici.<\/p>\n<p>\u00cen marja Summitului, Ministrul italian de Interne, Matteo Piantedosi, a avut o \u00eentrevedere bilateral\u0103 cu Vicepremierul \u0219i Ministrul de Interne rom\u00e2n, C\u0103t\u0103lin Marian Predoiu, \u00een urma c\u0103reia a fost semnat\u0103 o Scrisoare de inten\u021bie privind prevenirea \u0219i combaterea criminalit\u0103\u021bii organizate transna\u021bionale.<\/p>\n<p>Ministra italian\u0103 a Turismului, Daniela Santanch\u00e9, \u0219i Ministrul Economiei, Antreprenoriatului \u0219i Turismului din Rom\u00e2nia, \u0218tefan-Radu Oprea, au semnat un Memorandum de \u00een\u021belegere privind cooperarea \u00een domeniul turismului, care completeaz\u0103 Acordul interguvernamental semnat \u00een 1993. Memorandumul vizeaz\u0103 consolidarea colabor\u0103rii bilaterale prin schimbul de informa\u021bii \u0219i bune practici privind strategiile de dezvoltare \u0219i promovare turistic\u0103, cu accent pe turismul sustenabil, experien\u021bial \u0219i turismul de origine (\u201eturismul r\u0103d\u0103cinilor\u201d), precum \u0219i ini\u021biative comune dedicate operatorilor din sector, participarea la t\u00e2rguri \u0219i evenimente \u0219i facilitarea contactelor \u00een domeniul form\u0103rii profesionale.<\/p>\n<p>La 12 martie 2024, Ministrul Justi\u021biei din Italia, Carlo Nordio, a avut o \u00eentrevedere la Roma cu Ministra Justi\u021biei din Rom\u00e2nia, Alina \u0218tefania Gorghiu, \u00een cadrul c\u0103reia a fost semnat\u0103 o Declara\u021bie comun\u0103 privind dezvoltarea parteneriatului \u00een domeniul justi\u021biei \u0219i stabilirea celor mai bune practici pentru intensificarea cooper\u0103rii judiciare bilaterale \u00een materie penal\u0103 \u0219i civil\u0103.<\/p>\n<p>\u00cen perioada 18-19 iunie 2024, Pre\u0219edintele Republicii Italiene, Sergio Mattarella, a efectuat o vizit\u0103 oficial\u0103 \u00een Rom\u00e2nia. La sosirea sa la Bucure\u0219ti, \u0218eful Statului s-a \u00eent\u00e2lnit cu comunitatea italian\u0103 \u0219i cu personalul Ambasadei Italiei. \u00cen ziua urm\u0103toare, Pre\u0219edintele Mattarella a depus o coroan\u0103 de flori la Monumentul Eroului Necunoscut, \u00een semn de comemorare \u0219i respect. Ulterior, a fost primit la Palatul Cotroceni de Pre\u0219edintele Rom\u00e2niei, Klaus Iohannis, cu care a discutat teme esen\u021biale legate de securitatea \u0219i ap\u0103rarea Europei. Vizita a continuat cu \u00eentrevederi bilaterale la Palatul Parlamentului, cu Pre\u0219edintele Senatului, Nicolae Ciuc\u0103, \u0219i la Palatul Victoria, cu Prim-Ministrul Marcel Ciolacu, consolid\u00e2nd \u0219i mai mult rela\u021biile dintre cele dou\u0103 \u021b\u0103ri \u0219i aprofund\u00e2nd subiecte de interes comun.<\/p>\n<p>&nbsp;<\/p>\n<p>&nbsp;<\/p>\n<p><strong>Sistemul institutional, popula\u021bia \u0219i alte date de interes<\/strong><\/p>\n<p><strong>Suprafa\u021b\u0103:<\/strong>\u00a0238,391 Km p\u0103tra\u021bi<\/p>\n<p><strong>Capital\u0103:<\/strong>\u00a0Bucure\u0219ti (1.944.000 loc.)<\/p>\n<p><strong>Ora\u0219e principale:<\/strong>\u00a0Timi\u0219oara (312.400), Cluj (309.300), Ia\u0219i (306.600), Constan\u021ba (303.700), Craiova (299.600)<\/p>\n<p><strong>Nume oficial:<\/strong>\u00a0Rom\u00e2nia<\/p>\n<p><strong>Forma de guvernare:<\/strong>\u00a0Republic\u0103 parlamentar\u0103 semipreziden\u021bial\u0103<\/p>\n<p><strong>Putere executiv\u0103:<\/strong>\u00a0Pre\u0219edintele Republicii, \u00een urma consult\u0103rilor cu partidele politice parlamentare, desemneaz\u0103 un Prim Ministru, care trebuie s\u0103 ob\u021bin\u0103 votul de \u00eencredere al Parlamentului reunit \u00een \u0219edin\u021b\u0103 comun\u0103 a Camerei Deputa\u021bilor \u0219i Senatului, pentru cabinetul s\u0103u de ministri \u0219i programul de guvernare.<\/p>\n<p><strong>Puterea legislativ\u0103:<\/strong>\u00a0Parlament bicameral compus din Senat (format din 137 de membri ale\u0219i pentru patru ani pe baza principiului propor\u021bionalit\u0103\u021bii) \u0219i din Camera Deputa\u021bilor (332 membri, ale\u0219i pentru un mandat de patru ani pe baza principiului propor\u021bionalit\u0103\u021bii). Ultimele alegeri parlamentare au avut loc pe 11 decembrie 2016.<\/p>\n<p><strong>Puterea judiciar\u0103:<\/strong>\u00a0Curtea Constitu\u021bionall\u0103 este compus\u0103 din 11 judec\u0103tori, numi\u021bi pentru un mandat de 3 ani de Pre\u0219edintele Republicii \u0219i de Consiliul Superior al Magistraturii. Curtea Constitu\u021bional\u0103 este compus\u0103 din 9 judec\u0103tori cu un mandat de 9 ani.<\/p>\n<p>&nbsp;<\/p>\n<p><strong>Politica intern\u0103<\/strong><\/p>\n<p><strong>Pre\u0219edinte:<\/strong> Nicu\u0219or Daniel Dan, ales la data de 18 mai 2025, cu un mandat de cinci ani.<\/p>\n<p><strong>Guvernul Rom\u00e2niei\u00a0<\/strong><\/p>\n<p>Ilie Gavril BOLOJAN \u2013 Prim-Ministru (PNL) \u0219i Ministrul interimar Educa\u021biei<\/p>\n<p>Oana-Clara GHEORGHIU &#8211; Viceprim-Ministru<\/p>\n<p>Marian NEAC\u0218U \u2013 Viceprim-Ministru (PSD)<\/p>\n<p>T\u00e1nczos BARNA \u2013 Viceprim-Ministru (UDMR)<\/p>\n<p>C\u0103t\u0103lin Marian PREDOIU \u2013 Viceprim-Ministru \u0219i Ministrul Afacerilor Interne (PNL)<\/p>\n<p>Radu-Dinel MIRU\u021a\u0102 \u2013 Viceprim-Ministru \u0219i Ministrul Ap\u0103r\u0103rii Na\u021bionale (USR)<\/p>\n<p>Ciprian-Costantin \u0218ERBAN \u2013 Ministrul Transporturilor \u0219i Infrastructurii (PSD)<\/p>\n<p>Alexandru NAZARE \u2013 Ministrul Finan\u021belor (PNL)<\/p>\n<p>Radu MARINESCU \u2013 Ministrul Justi\u021biei (PSD)<\/p>\n<p>Florin-Ionu\u021b BARBU \u2013 Ministrul Agriculturii \u0219i Dezvolt\u0103rii Rurale (PSD)<\/p>\n<p>Bogdan-Gruia IVAN \u2013 Ministrul Energiei (PSD)<\/p>\n<p>Alexandru ROGOBETE \u2013 Ministrul S\u0103n\u0103t\u0103\u021bii (PSD)<\/p>\n<p>Drago\u0219 P\u00ceSLARU \u2013 Ministrul Investi\u021biilor \u0219i Fondurilor Europene (PNL)<\/p>\n<p>Oana-Silvia \u021aOIU \u2013 Ministrul Afacerilor Externe (USR)<\/p>\n<p>Diana\u2013Anda BUZOIANU \u2013 Ministrul Mediului, Apelor \u0219i P\u0103durilor (USR)<\/p>\n<p>Petre-Florin MANOLE \u2013 Ministrul Muncii, Familiei, Tineretului \u0219i Solidarit\u0103\u021bii Sociale (PSD)<\/p>\n<p>Ambrozie-Irineu DAR\u0102U \u2013 Ministrul Economiei, Digitaliz\u0103rii, Antreprenoriatului \u0219i Turismului (USR)<\/p>\n<p>Attila-Zolt\u00e1n CSEKE \u2013 Ministrul Dezvolt\u0103rii, Lucr\u0103rilor Publice \u0219i Administra\u021biei (UDMR)<\/p>\n<p>Andr\u00e1s Istv\u00e1n DEMETER \u2013 Ministrul Culturii (UDMR)<\/p>\n<p>&nbsp;<\/p>\n<p><strong>Politica extern\u0103 \u0219i rela\u021biile cu Uniunea European\u0103<\/strong><\/p>\n<p>Cei doi piloni fundamentali ai politicii externe rom\u00e2ne\u0219ti sunt apartenen\u021ba la Alian\u021ba Nord Atlantic\u0103 (din 2004) \u0219i aderarea la Uniunea European\u0103, realizat\u0103 pe 1 ianuarie 2007.<\/p>\n<p>Participarea activ\u0103 a Rom\u00e2niei la NATO reprezint\u0103 o garan\u021bie de securitate \u0219i stabilitate, de importan\u021b\u0103 vital\u0103 pentru prosperitatea na\u021biunii rom\u00e2ne. Rom\u00e2nia joac\u0103 un rol important \u00een cadrul NATO, promov\u00e2nd valorile, obiectivele \u0219i scopurile Alian\u021bei, particip\u00e2nd de asemenea la misiunile acesteia.<\/p>\n<p>Se aminte\u0219te totodat\u0103 c\u0103 Rom\u00e2nia este membru al principalelor foruri sub-regionale, printre care Ini\u021biativa Central European\u0103 (ICE), la South-East European Cooperation Process (SEECP), la Black Sea Economic Cooperation (BSEC) dar \u0219i la Southeast European Law Enforcement Center (SELEC).<\/p>\n<p>Rom\u00e2nia a devenit membru al Uniunii Europene pe 1 ianuarie 2007. Printre obiectivele Guvernului rom\u00e2n \u00een cadrul european se num\u0103r\u0103 aderarea la Spa\u021biul Schengen \u0219i la zona euro. \u021aara este \u00eenc\u0103 monitorizat\u0103 \u00een cadrul UE, prin intermediul Mecanismului de Cooperare \u0219i Verificare, apt s\u0103 \u00eenregistreze progresele efectuate \u00een procesul de aliniere la standardele europene in materie de Stat de drept \u0219i lupt\u0103 \u00eempotriva corup\u021biei \u0219i a crimei organizate.<\/p>\n<p>Din momentul intr\u0103rii sale \u00een UE, Rom\u00e2nia are oportunitatea s\u0103 beneficieze de finan\u021b\u0103ri acordate \u00een cadrul fondurilor structurale, care sunt un factor determinant pentru dezvoltarea infrastructural\u0103 \u0219i economic\u0103 a \u021b\u0103rii.<\/p>\n<p>&nbsp;<\/p>\n<p><strong>Sit-uri institu\u021bionale rom\u00e2ne\u0219ti:<\/strong><\/p>\n<p>1.\u00a0<a href=\"http:\/\/www.cdep.ro\/\">Camera Deputa\u021bilor<\/a><\/p>\n<p>2.\u00a0<a href=\"https:\/\/www.presidency.ro\/en\">Senat<\/a><\/p>\n<p>3.\u00a0<a href=\"https:\/\/www.presidency.ro\/en\">Administra\u021bia Preziden\u021bial\u0103<\/a><\/p>\n<p>4.\u00a0<a href=\"https:\/\/www.gov.ro\/\">Guvern<\/a><\/p>\n<p>5.\u00a0<a href=\"http:\/\/www.mae.ro\/\">Ministerul Afacerilor Externe<\/a><\/p>\n<p>&nbsp;<\/p>\n<p>&nbsp;<\/p>\n<p>Se pot consulta acordurile \u00eentre Italia \u015fi Rom\u00e2nia pe urm\u0103torul site:<\/p>\n<p><img decoding=\"async\" src=\"https:\/\/flaviop37.sg-host.com\/resource\/2006\/01\/5948_f_amb61item01.gif\" alt=\"\" border=\"0\" \/>\u00a0<a href=\"http:\/\/itra.esteri.it\/\" target=\"_blank\" rel=\"noopener\"><em>Arhiva Tratate Internationale<\/em><\/a><\/p>\n","protected":false},"excerpt":{"rendered":"Cooperare politic\u0103 Rela\u021biile dintre Italia \u0219i Rom\u00e2nia se caracterizeaz\u0103 printr-un grad ridicat de intensitate, at\u00e2t \u00een ceea ce prive\u0219te dialogul politic, c\u00e2t \u0219i colaborarea economic\u0103 \u0219i comercial\u0103, desf\u0103\u0219ur\u00e2ndu-se \u00een cadrul Declara\u021biei privind Parteneriatul Strategic Consolidat, re\u00eennoit\u0103 cel mai recent la 15 februarie 2024, cu prilejul celui de-al treilea Summit interguvernamental Italia-Rom\u00e2nia. Dup\u0103 primele dou\u0103 edi\u021bii [&hellip;]","protected":false},"author":1,"featured_media":0,"parent":0,"menu_order":4,"comment_status":"closed","ping_status":"closed","template":"","meta":{"footnotes":""},"class_list":["post-180","page","type-page","status-publish","hentry"],"_links":{"self":[{"href":"https:\/\/ambbucarest.esteri.it\/ro\/wp-json\/wp\/v2\/pages\/180","targetHints":{"allow":["GET"]}}],"collection":[{"href":"https:\/\/ambbucarest.esteri.it\/ro\/wp-json\/wp\/v2\/pages"}],"about":[{"href":"https:\/\/ambbucarest.esteri.it\/ro\/wp-json\/wp\/v2\/types\/page"}],"author":[{"embeddable":true,"href":"https:\/\/ambbucarest.esteri.it\/ro\/wp-json\/wp\/v2\/users\/1"}],"replies":[{"embeddable":true,"href":"https:\/\/ambbucarest.esteri.it\/ro\/wp-json\/wp\/v2\/comments?post=180"}],"version-history":[{"count":5,"href":"https:\/\/ambbucarest.esteri.it\/ro\/wp-json\/wp\/v2\/pages\/180\/revisions"}],"predecessor-version":[{"id":7265,"href":"https:\/\/ambbucarest.esteri.it\/ro\/wp-json\/wp\/v2\/pages\/180\/revisions\/7265"}],"wp:attachment":[{"href":"https:\/\/ambbucarest.esteri.it\/ro\/wp-json\/wp\/v2\/media?parent=180"}],"curies":[{"name":"wp","href":"https:\/\/api.w.org\/{rel}","templated":true}]}}