{"id":184,"date":"2023-04-11T18:23:52","date_gmt":"2023-04-11T15:23:52","guid":{"rendered":"https:\/\/ambbucarest.esteri.it\/italia-e-romania\/diplomazia-economica\/fare-affari-in-romania\/"},"modified":"2025-11-11T11:59:46","modified_gmt":"2025-11-11T09:59:46","slug":"fare-affari-in-romania","status":"publish","type":"page","link":"https:\/\/ambbucarest.esteri.it\/ro\/italia-e-romania\/diplomazia-economica\/fare-affari-in-romania\/","title":{"rendered":"A face afaceri \u00een Rom\u00e2nia"},"content":{"rendered":"<ul>\n<li>Pentru a cunoa\u015fte pia\u0163a rom\u00e2neasc\u0103 \u015fi pentru a explora oportunit\u0103\u0163i de afaceri, vizita\u0163i:\u00a0<strong><strong><a href=\"http:\/\/www.infomercatiesteri.it\/paese.php?id_paesi=87\">infoMercatiEsteri<\/a><\/strong><\/strong><\/li>\n<li>Pentru informa\u0163ii despre licita\u0163ii interna\u0163ionale, contracte de achizi\u0163ii publice \u015fi proiecte mari (c.d. early warning), consulta\u0163i banca de date:\u00a0<a href=\"https:\/\/extender.esteri.it\/sito\/\"><strong>Ex-Tender<\/strong><\/a><\/li>\n<li>Pentru informa\u0163ii despre serviciile oferite de Agen\u0163ia ICE din Bucure\u015fti, accesa\u0163i\u00a0<strong><strong><a href=\"https:\/\/www.ice.it\/it\/mercati\/romania\">site-ul<\/a><\/strong><\/strong><\/li>\n<li>Pentru cereri de asisten\u0163\u0103 c\u0103tre Biroul economic \u015fi comercial al Ambasadei\u00a0<strong><a href=\"https:\/\/nexus.esteri.it\/\">ap\u0103sa\u0163i aici<\/a><\/strong>\u00a0sau trimite\u0163i mail la adresa:\u00a0<a href=\"mailto:uffcomm.bucarest@esteri.it\">uffcomm.bucarest@esteri.it<\/a><\/li>\n<\/ul>\n<p>&nbsp;<\/p>\n<p>Alte informa\u0163ii utile<\/p>\n<p><a href=\"https:\/\/ambbucarest.esteri.it\/wp-content\/uploads\/2023\/12\/Elenco-studi-legali.pdf\" target=\"_blank\" rel=\"noopener\"><strong>Lista exper\u0163ilor care ofer\u0103 servicii de asisten\u0163\u0103 juridic\u0103 \u015fi contabil\u0103 firmelor italiene \u00een Rom\u00e2nia<\/strong><\/a><\/p>\n<p><a href=\"https:\/\/ambbucarest.esteri.it\/wp-content\/uploads\/2025\/11\/Elenco-commercialisti-nov25.pdf\" target=\"_blank\" rel=\"noopener\"><strong>Lista exper\u021bilor contabili care ofer\u0103 asisten\u021b\u0103 firmelor italiene \u00een Rom\u00e2nia<\/strong><\/a><\/p>\n<p>Pentru informa\u0163ii suplimentare despre economia rom\u00e2neasc\u0103, v\u0103 semnal\u0103m urm\u0103toarele link-uri:<\/p>\n<p><strong><a href=\"http:\/\/investromania.gov.ro\/web\/\">Invest in Romania<\/a><\/strong><\/p>\n<p><strong><a href=\"http:\/\/www.insse.ro\/cms\/en\">Institutul Na\u0163ional de Statistic\u0103 din Rom\u00e2nia<\/a><\/strong><\/p>\n<p><strong><a href=\"https:\/\/www.bnr.ro\/Home.aspx\">Banca Na\u0163ional\u0103 a Rom\u00e2niei<\/a><\/strong><\/p>\n<p><strong><a href=\"http:\/\/www.mae.ro\/en\">Ministerul Afacerilor Externe al Rom\u00e2niei<\/a><\/strong><\/p>\n<p><strong><a href=\"https:\/\/roma.mae.ro\/it\">Ambasada Rom\u00e2niei \u00een Italia<\/a><\/strong><\/p>\n","protected":false},"excerpt":{"rendered":"Pentru a cunoa\u015fte pia\u0163a rom\u00e2neasc\u0103 \u015fi pentru a explora oportunit\u0103\u0163i de afaceri, vizita\u0163i:\u00a0infoMercatiEsteri Pentru informa\u0163ii despre licita\u0163ii interna\u0163ionale, contracte de achizi\u0163ii publice \u015fi proiecte mari (c.d. early warning), consulta\u0163i banca de date:\u00a0Ex-Tender Pentru informa\u0163ii despre serviciile oferite de Agen\u0163ia ICE din Bucure\u015fti, accesa\u0163i\u00a0site-ul Pentru cereri de asisten\u0163\u0103 c\u0103tre Biroul economic \u015fi comercial al Ambasadei\u00a0ap\u0103sa\u0163i aici\u00a0sau [&hellip;]","protected":false},"author":1,"featured_media":0,"parent":158,"menu_order":0,"comment_status":"closed","ping_status":"closed","template":"","meta":{"footnotes":""},"class_list":["post-184","page","type-page","status-publish","hentry"],"_links":{"self":[{"href":"https:\/\/ambbucarest.esteri.it\/ro\/wp-json\/wp\/v2\/pages\/184","targetHints":{"allow":["GET"]}}],"collection":[{"href":"https:\/\/ambbucarest.esteri.it\/ro\/wp-json\/wp\/v2\/pages"}],"about":[{"href":"https:\/\/ambbucarest.esteri.it\/ro\/wp-json\/wp\/v2\/types\/page"}],"author":[{"embeddable":true,"href":"https:\/\/ambbucarest.esteri.it\/ro\/wp-json\/wp\/v2\/users\/1"}],"replies":[{"embeddable":true,"href":"https:\/\/ambbucarest.esteri.it\/ro\/wp-json\/wp\/v2\/comments?post=184"}],"version-history":[{"count":6,"href":"https:\/\/ambbucarest.esteri.it\/ro\/wp-json\/wp\/v2\/pages\/184\/revisions"}],"predecessor-version":[{"id":7009,"href":"https:\/\/ambbucarest.esteri.it\/ro\/wp-json\/wp\/v2\/pages\/184\/revisions\/7009"}],"up":[{"embeddable":true,"href":"https:\/\/ambbucarest.esteri.it\/ro\/wp-json\/wp\/v2\/pages\/158"}],"wp:attachment":[{"href":"https:\/\/ambbucarest.esteri.it\/ro\/wp-json\/wp\/v2\/media?parent=184"}],"curies":[{"name":"wp","href":"https:\/\/api.w.org\/{rel}","templated":true}]}}