{"id":188,"date":"2023-04-11T18:18:08","date_gmt":"2023-04-11T15:18:08","guid":{"rendered":"https:\/\/ambbucarest.esteri.it\/servizi-consolari-e-visti\/servizi-per-il-cittadino-italiano\/stato-civile\/"},"modified":"2023-11-03T12:08:39","modified_gmt":"2023-11-03T10:08:39","slug":"stato-civile","status":"publish","type":"page","link":"https:\/\/ambbucarest.esteri.it\/ro\/servizi-consolari-e-visti\/servizi-per-il-cittadino-italiano\/stato-civile\/","title":{"rendered":"Starea civil\u0103"},"content":{"rendered":"<p><strong>ANUN\u021a C\u0102TRE CONA\u021aIONALI \u2013 STARE CIVIL\u0102 (CERTIFICAT DE CUTUM\u0102 PENTRU C\u0102S\u0102TORIA \u00ceN FA\u021aA AUTORIT\u0102\u021aILOR ROM\u00c2NE, RECUNOA\u0218TEREA COPIILOR \u0218I SCHIMBAREA NUMELUI DE FAMILIE)<\/strong><\/p>\n<p>\u00cencep\u00e2nd cu data de 4 septembrie 2023, platforma <a href=\"https:\/\/prenotami.esteri.it\/\"><strong>Prenot@mi<\/strong><\/a> (<a href=\"https:\/\/prenotami.esteri.it\">https:\/\/prenotami.esteri.it<\/a>)\u00a0 va fi activ\u0103 pentru unele solicit\u0103ri de stare civil\u0103 &#8211; certificat de cutum\u0103 pentru c\u0103s\u0103toria \u00een fa\u021ba autorit\u0103\u021bilor rom\u00e2ne, recunoa\u0219terea copiilor \u0219i schimbarea numelui de familie. Prin intermediul platformei \u2013 care este pus\u0103 la dispozi\u021bie de c\u0103tre Ministerul Afacerilor Externe \u0219i Cooper\u0103rii Interna\u021bionale \u00een vederea informatiz\u0103rii serviciilor consulare &#8211; va fi posibil s\u0103 se efectueze programarea la Cancelaria Consular\u0103 a Ambasadei Italiei, evit\u00e2ndu-se astfel a\u0219teptareai la ghi\u0219ee.<br \/>\nVa fi necesar s\u0103 v\u0103 \u00eenregistra\u021bi ca utilizator pe portal, introduc\u00e2nd datele personale \u0219i o adres\u0103 de e-mail valid\u0103. De fapt, la aceast\u0103 adres\u0103 vor fi trimise un cod OTP \u0219i un e-mail de confirmare, care v\u0103 vor permite s\u0103 accesa\u021bi sistemul. \u00cenregistrarea pe portal \u0219i solicitarea unei programari sunt gratuite.<\/p>\n<p><strong>N.B.<\/strong> Rezervarea individual\u0103 trebuie f\u0103cut\u0103 de c\u0103tre persoana interesat\u0103, folosind un e-mail \u0219i un num\u0103r de telefon valide, care vor fi verificate \u00een timpul admiterii dosarului. Dosarele f\u0103r\u0103 adrese valide vor fi respinse. \u00centr-adev\u0103r, buna func\u021bionare a platformei <a href=\"mailto:Prenot@mi\">Prenot@mi<\/a> depinde de introducerea corect\u0103 a datelor de c\u0103tre utilizator.<br \/>\nSistemul este automat. Utilizatorul este cel care va putea apoi s\u0103-\u015fi gestioneze direct contul personal. Sec\u0163ia Consular\u0103 nu are posibilitatea de a interveni \u00een aceast\u0103 etap\u0103 a procedurii.<\/p>\n<p>\u00cenainte de a veni la Sec\u0163ia Consular\u0103:<br \/>\n1) va fi necesar s\u0103 citi\u021bi cu aten\u021bie maxim\u0103, pe site-ul Ambasadei Italiei la Bucure\u0219ti (<a href=\"https:\/\/ambbucarest.esteri.it\/ambasciata_bucarest\/ro\/informazioni_e_servizi\/servizi_consolari\/stato_civile\">https:\/\/ambbucarest.esteri.it\/ambasciata_bucarest\/ro\/informazioni_e_servizi\/servizi_consolari\/stato_civile<\/a> ) toate informa\u021biile \u0219i \u00eendrum\u0103rile referitoare la documentele pe care trebuie s\u0103 le aduce\u0163i cu Dvs., la modalit\u0103\u021bile prin care serviciul respectiv v\u0103 este oferit, la taxele consulare etc. \u00cen cazul \u00een care documenta\u0163ia nu este complet\u0103, dosarul nu poate fi acceptat \u015fi va fi necesar s\u0103 face\u0163i o nou\u0103 programare.<br \/>\n2) pentru procedurile de recunoa\u0219tere a copilului este necesar s\u0103 trimite\u021bi prin email, cu cel pu\u021bin 7 zile \u00eenainte de data la care ave\u021bi fixat\u0103 programarea, copia documenta\u021biei originale care va fi prezentat\u0103 la ghi\u0219eu, pentru a permite prelucrarea acesteia;<br \/>\n<strong>N.B.<\/strong> Pentru cererile de certificate de cutum\u0103 \u0219i de recunoa\u0219tere a copiilor f\u0103cute la notariatele din Rom\u00e2nia (cu apostil\u0103 \u0219i traducere) \u0219i prezentate la Consulatele noastre onorifice (<a href=\"https:\/\/ambbucarest.esteri.it\/ambasciata_bucarest\/it\/ambasciata\/la_rete_cnsolare\/\">https:\/\/ambbucarest.esteri.it\/ambasciata_bucarest\/it\/ambasciata\/la_rete_cnsolare\/<\/a>), <strong>nu<\/strong> va fi necesar\u0103 nicio programare.<\/p>\n","protected":false},"excerpt":{"rendered":"ANUN\u021a C\u0102TRE CONA\u021aIONALI \u2013 STARE CIVIL\u0102 (CERTIFICAT DE CUTUM\u0102 PENTRU C\u0102S\u0102TORIA \u00ceN FA\u021aA AUTORIT\u0102\u021aILOR ROM\u00c2NE, RECUNOA\u0218TEREA COPIILOR \u0218I SCHIMBAREA NUMELUI DE FAMILIE) \u00cencep\u00e2nd cu data de 4 septembrie 2023, platforma Prenot@mi (https:\/\/prenotami.esteri.it)\u00a0 va fi activ\u0103 pentru unele solicit\u0103ri de stare civil\u0103 &#8211; certificat de cutum\u0103 pentru c\u0103s\u0103toria \u00een fa\u021ba autorit\u0103\u021bilor rom\u00e2ne, recunoa\u0219terea copiilor \u0219i schimbarea [&hellip;]","protected":false},"author":1,"featured_media":0,"parent":185,"menu_order":14,"comment_status":"closed","ping_status":"closed","template":"","meta":{"footnotes":""},"class_list":["post-188","page","type-page","status-publish","hentry"],"_links":{"self":[{"href":"https:\/\/ambbucarest.esteri.it\/ro\/wp-json\/wp\/v2\/pages\/188","targetHints":{"allow":["GET"]}}],"collection":[{"href":"https:\/\/ambbucarest.esteri.it\/ro\/wp-json\/wp\/v2\/pages"}],"about":[{"href":"https:\/\/ambbucarest.esteri.it\/ro\/wp-json\/wp\/v2\/types\/page"}],"author":[{"embeddable":true,"href":"https:\/\/ambbucarest.esteri.it\/ro\/wp-json\/wp\/v2\/users\/1"}],"replies":[{"embeddable":true,"href":"https:\/\/ambbucarest.esteri.it\/ro\/wp-json\/wp\/v2\/comments?post=188"}],"version-history":[{"count":2,"href":"https:\/\/ambbucarest.esteri.it\/ro\/wp-json\/wp\/v2\/pages\/188\/revisions"}],"predecessor-version":[{"id":589,"href":"https:\/\/ambbucarest.esteri.it\/ro\/wp-json\/wp\/v2\/pages\/188\/revisions\/589"}],"up":[{"embeddable":true,"href":"https:\/\/ambbucarest.esteri.it\/ro\/wp-json\/wp\/v2\/pages\/185"}],"wp:attachment":[{"href":"https:\/\/ambbucarest.esteri.it\/ro\/wp-json\/wp\/v2\/media?parent=188"}],"curies":[{"name":"wp","href":"https:\/\/api.w.org\/{rel}","templated":true}]}}