{"id":312,"date":"2023-10-24T12:02:10","date_gmt":"2023-10-24T09:02:10","guid":{"rendered":"https:\/\/ambbucarest.esteri.it\/?page_id=312"},"modified":"2023-12-11T11:25:45","modified_gmt":"2023-12-11T09:25:45","slug":"a-i-r-e-registrul-de-stare-civila-al-italienilor-rezidenti-in-strainatate","status":"publish","type":"page","link":"https:\/\/ambbucarest.esteri.it\/ro\/servizi-consolari-e-visti\/servizi-per-il-cittadino-italiano\/a-i-r-e-registrul-de-stare-civila-al-italienilor-rezidenti-in-strainatate\/","title":{"rendered":"A.I.R.E. (Registrul de stare civil\u0103 al Italienilor Reziden\u0163i \u00een Str\u0103in\u0103tate)"},"content":{"rendered":"<p>A.I.R.E. (Registrul de stare civil\u0103 al Italienilor Reziden\u0163i \u00een Str\u0103in\u0103tate)<\/p>\n<p><a href=\"https:\/\/ambbucarest.esteri.it\/ro\/servizi-consolari-e-visti\/servizi-per-il-cittadino-italiano\/a-i-r-e-registrul-de-stare-civila-al-italienilor-rezidenti-in-strainatate\/1-ce-este-la-i-r-e-si-ce-implica-inscrierea\/\">1. Ce este l\u2019A.I.R.E. \u015fi ce implic\u0103 \u00eenscrierea?<\/a><br \/>\n<a href=\"https:\/\/ambbucarest.esteri.it\/ro\/servizi-consolari-e-visti\/servizi-per-il-cittadino-italiano\/a-i-r-e-registrul-de-stare-civila-al-italienilor-rezidenti-in-strainatate\/2-data-la-care-expira-inscrierea-in-a-i-r-e\/\">2. Data la care expir\u0103 \u00eenscrierea \u00een A.I.R.E.<\/a><br \/>\n<a href=\"https:\/\/ambbucarest.esteri.it\/ro\/servizi-consolari-e-visti\/servizi-per-il-cittadino-italiano\/a-i-r-e-registrul-de-stare-civila-al-italienilor-rezidenti-in-strainatate\/3-cine-trebuie-sa-se-inscrie-in-a-i-r-e-si-cine-nu-este-obligatoriu\/\">3. Cine trebuie s\u0103 se \u00eenscrie \u00een A.I.R.E. \u015fi cine nu, este obligatoriu?<\/a><br \/>\n<a href=\"https:\/\/ambbucarest.esteri.it\/ro\/servizi-consolari-e-visti\/servizi-per-il-cittadino-italiano\/a-i-r-e-registrul-de-stare-civila-al-italienilor-rezidenti-in-strainatate\/4-vin-din-italia-pentru-a-mi-stabili-domiciliul-stabil-in-romania-ce-trebuie-sa-fac\/\">4. Vin din Italia pentru a-mi stabili domiciliul stabil \u00een Rom\u00e2nia, ce trebuie s\u0103 fac?<\/a><br \/>\n<a href=\"https:\/\/ambbucarest.esteri.it\/ro\/servizi-consolari-e-visti\/servizi-per-il-cittadino-italiano\/a-i-r-e-registrul-de-stare-civila-al-italienilor-rezidenti-in-strainatate\/5-vin-dintr-o-alta-tara-straina-pentru-a-mi-stabili-domiciliul-stabil-in-romania-ce-trebuie-sa-fac\/\">5. Vin dintr-o alt\u0103 \u0163ar\u0103 str\u0103in\u0103 pentru a-mi stabili domiciliul stabil \u00een Rom\u00e2nia, ce trebuie s\u0103 fac?<\/a><br \/>\n<a href=\"https:\/\/ambbucarest.esteri.it\/ro\/servizi-consolari-e-visti\/servizi-per-il-cittadino-italiano\/a-i-r-e-registrul-de-stare-civila-al-italienilor-rezidenti-in-strainatate\/6-cum-sa-te-inscrii-in-a-i-r-e\/\">6. Cum s\u0103 te \u00eenscrii \u00een A.I.R.E<\/a><br \/>\n<a href=\"https:\/\/ambbucarest.esteri.it\/ro\/servizi-consolari-e-visti\/servizi-per-il-cittadino-italiano\/a-i-r-e-registrul-de-stare-civila-al-italienilor-rezidenti-in-strainatate\/7-cerere-de-consultare-a-propriei-fise-de-stare-civila-asa-zisa-ason-pe-fast-it\/\">7. Cerere de \u201cConsultare a propriei fi\u015fe de stare civil\u0103\u201d (a\u015fa-zisa ASON) pe FAST-IT.<\/a><br \/>\n<a href=\"https:\/\/ambbucarest.esteri.it\/ro\/servizi-consolari-e-visti\/servizi-per-il-cittadino-italiano\/a-i-r-e-registrul-de-stare-civila-al-italienilor-rezidenti-in-strainatate\/8-inscrierea-in-a-i-r-e-pentru-minori-si-nou-nascuti\/\">8. \u00censcrierea \u00een A.I.R.E. pentru minori \u015fi nou-n\u0103scu\u0163i.<\/a><br \/>\n<a href=\"https:\/\/ambbucarest.esteri.it\/ro\/servizi-consolari-e-visti\/servizi-per-il-cittadino-italiano\/a-i-r-e-registrul-de-stare-civila-al-italienilor-rezidenti-in-strainatate\/9-schimbarea-adresei-in-interiorul-aceleasi-circumscriptii-consulare\/\">9. Schimbarea adresei \u00een interiorul acelea\u015fi circumscrip\u0163ii consulare \u2013 Sunt deja \u00eenscris la circumscrip\u0163ia consular\u0103 din Bucure\u015fti \u015fi vreau s\u0103 comunic schimbarea adresei mele \u00een interiorul acelea\u015fi circumscrip\u0163ii, ce trebuie s\u0103 fac?<\/a><br \/>\n<a href=\"https:\/\/ambbucarest.esteri.it\/ro\/servizi-consolari-e-visti\/servizi-per-il-cittadino-italiano\/a-i-r-e-registrul-de-stare-civila-al-italienilor-rezidenti-in-strainatate\/10-sunt-deja-inscris-la-circumscriptia-consulara-din-bucuresti-si-vreau-sa-comunic-transferul-meu-la-o-alta-circumscriptie-consulara-ce-trebuie-sa-fac\/\">10. Sunt deja \u00eenscris la circumscrip\u0163ia consular\u0103 din Bucure\u015fti \u015fi vreau s\u0103 comunic \u00eenapoierea mea \u00een Italia, ce trebuie s\u0103 fac?<\/a><br \/>\n<a href=\"https:\/\/ambbucarest.esteri.it\/ro\/servizi-consolari-e-visti\/servizi-per-il-cittadino-italiano\/a-i-r-e-registrul-de-stare-civila-al-italienilor-rezidenti-in-strainatate\/11-inceperea-inscrierii-in-a-i-r-e-cand-si-cine-o-stabileste\/\">11. \u00cenceperea \u00eenscrierii \u00een A.I.R.E., c\u00e2nd \u015fi cine o stabile\u015fte?<\/a><br \/>\n<a href=\"https:\/\/ambbucarest.esteri.it\/ro\/servizi-consolari-e-visti\/servizi-per-il-cittadino-italiano\/a-i-r-e-registrul-de-stare-civila-al-italienilor-rezidenti-in-strainatate\/12-termenele-de-inscriere-in-a-i-r-e-si-ale-schimbarilor-de-adresa-cand-pot-solicita-servicii-consulare-ca-rezident\/\">12. Termenele de \u00eenscriere \u00een A.I.R.E. \u015fi ale schimb\u0103rilor de adres\u0103, c\u00e2nd pot solicita servicii consulare ca rezident?<\/a><br \/>\n<a href=\"https:\/\/ambbucarest.esteri.it\/ro\/servizi-consolari-e-visti\/servizi-per-il-cittadino-italiano\/a-i-r-e-registrul-de-stare-civila-al-italienilor-rezidenti-in-strainatate\/13-vreau-sa-schimb-primaria-unde-sunt-inscris-in-a-i-r-e-din-italia-schimb-a-i-r-e-a-i-r-e\/\">13. Vreau s\u0103 schimb Prim\u0103ria unde sunt \u00eenscris \u00een A.I.R.E. din Italia \u2013 Schimb A.I.R.E.\/A.I.R.E.<\/a><br \/>\n<a href=\"https:\/\/ambbucarest.esteri.it\/ro\/servizi-consolari-e-visti\/servizi-per-il-cittadino-italiano\/a-i-r-e-registrul-de-stare-civila-al-italienilor-rezidenti-in-strainatate\/14-cum-obtin-un-certificat-de-resedinta\/\">14. Cum ob\u0163in un certificat de re\u015fedin\u0163\u0103?<\/a><br \/>\n<a href=\"https:\/\/ambbucarest.esteri.it\/ro\/servizi-consolari-e-visti\/servizi-per-il-cittadino-italiano\/a-i-r-e-registrul-de-stare-civila-al-italienilor-rezidenti-in-strainatate\/15-cum-fac-sa-aflu-daca-cererea-mea-de-inscriere-in-a-i-r-e-sau-schimbarea-adresei-mele-au-fost-inregistrate\/\">15. Cum fac s\u0103 aflu dac\u0103 cererea mea de \u00eenscriere \u00een A.I.R.E. sau schimbarea adresei mele au fost \u00eenregistrate?<\/a><br \/>\n<a href=\"https:\/\/ambbucarest.esteri.it\/ro\/servizi-consolari-e-visti\/servizi-per-il-cittadino-italiano\/a-i-r-e-registrul-de-stare-civila-al-italienilor-rezidenti-in-strainatate\/16-cum-fac-sa-contactez-biroul-de-stare-civila-a-i-r-e\/\">16. Cum fac s\u0103 contactez Biroul de Stare civil\u0103?\u00a0\u00a0<\/a><\/p>\n<p><a href=\"https:\/\/ambbucarest.esteri.it\/it\/servizi-consolari-e-visti\/servizi-per-il-cittadino-italiano\/modulistica-consulare\/\">FORMULARE<\/a><\/p>\n<p><a href=\"https:\/\/serviziconsolari.esteri.it\/ScoFE\/index.sco\">ACCESEAZA FAST-IT<\/a><\/p>\n","protected":false},"excerpt":{"rendered":"A.I.R.E. (Registrul de stare civil\u0103 al Italienilor Reziden\u0163i \u00een Str\u0103in\u0103tate) 1. Ce este l\u2019A.I.R.E. \u015fi ce implic\u0103 \u00eenscrierea? 2. Data la care expir\u0103 \u00eenscrierea \u00een A.I.R.E. 3. Cine trebuie s\u0103 se \u00eenscrie \u00een A.I.R.E. \u015fi cine nu, este obligatoriu? 4. Vin din Italia pentru a-mi stabili domiciliul stabil \u00een Rom\u00e2nia, ce trebuie s\u0103 fac? 5. [&hellip;]","protected":false},"author":8,"featured_media":0,"parent":185,"menu_order":1,"comment_status":"closed","ping_status":"closed","template":"","meta":{"footnotes":""},"class_list":["post-312","page","type-page","status-publish","hentry"],"_links":{"self":[{"href":"https:\/\/ambbucarest.esteri.it\/ro\/wp-json\/wp\/v2\/pages\/312","targetHints":{"allow":["GET"]}}],"collection":[{"href":"https:\/\/ambbucarest.esteri.it\/ro\/wp-json\/wp\/v2\/pages"}],"about":[{"href":"https:\/\/ambbucarest.esteri.it\/ro\/wp-json\/wp\/v2\/types\/page"}],"author":[{"embeddable":true,"href":"https:\/\/ambbucarest.esteri.it\/ro\/wp-json\/wp\/v2\/users\/8"}],"replies":[{"embeddable":true,"href":"https:\/\/ambbucarest.esteri.it\/ro\/wp-json\/wp\/v2\/comments?post=312"}],"version-history":[{"count":6,"href":"https:\/\/ambbucarest.esteri.it\/ro\/wp-json\/wp\/v2\/pages\/312\/revisions"}],"predecessor-version":[{"id":4169,"href":"https:\/\/ambbucarest.esteri.it\/ro\/wp-json\/wp\/v2\/pages\/312\/revisions\/4169"}],"up":[{"embeddable":true,"href":"https:\/\/ambbucarest.esteri.it\/ro\/wp-json\/wp\/v2\/pages\/185"}],"wp:attachment":[{"href":"https:\/\/ambbucarest.esteri.it\/ro\/wp-json\/wp\/v2\/media?parent=312"}],"curies":[{"name":"wp","href":"https:\/\/api.w.org\/{rel}","templated":true}]}}