{"id":316,"date":"2023-10-24T15:20:28","date_gmt":"2023-10-24T12:20:28","guid":{"rendered":"https:\/\/ambbucarest.esteri.it\/?page_id=316"},"modified":"2023-10-24T16:01:21","modified_gmt":"2023-10-24T13:01:21","slug":"2-data-la-care-expira-inscrierea-in-a-i-r-e","status":"publish","type":"page","link":"https:\/\/ambbucarest.esteri.it\/ro\/servizi-consolari-e-visti\/servizi-per-il-cittadino-italiano\/a-i-r-e-registrul-de-stare-civila-al-italienilor-rezidenti-in-strainatate\/2-data-la-care-expira-inscrierea-in-a-i-r-e\/","title":{"rendered":"2. Data la care expir\u0103 \u00eenscrierea \u00een A.I.R.E."},"content":{"rendered":"<p>\u00censcrierea este necesar\u0103 \u00een termen de 90 de zile de la transferul \u00een str\u0103in\u0103tate; \u00een orice caz se poate cere \u00eenscrierea \u00een A.I.R.E. \u015fi ulterior, dar aceasta nu poate fi retroactiv\u0103 iar data de \u00eenscriere va fi ziua \u00een care cet\u0103\u0163eanul prezint\u0103 cererea la Biroul consular de referin\u0163\u0103.<br \/>\nLegea permite \u015fi s\u0103 se fac\u0103 \u00eenainte declara\u0163ia de transfer \u00een str\u0103in\u0103tate c\u00e2nd se p\u0103r\u0103se\u015fte Italia (a\u015fa-zisa &#8222;pre\u00eenscriere&#8221;) \u015fi trebuie adresat\u0103 direct la Prim\u0103rie; \u00een aceste cazuri trebuie oricum efectuat\u0103 \u00een termen de 90 de zile de la p\u0103r\u0103sirea \u0163\u0103rii cererea de \u00eenscriere \u00een A.I.R.E. la Biroul consular competent.<\/p>\n","protected":false},"excerpt":{"rendered":"\u00censcrierea este necesar\u0103 \u00een termen de 90 de zile de la transferul \u00een str\u0103in\u0103tate; \u00een orice caz se poate cere \u00eenscrierea \u00een A.I.R.E. \u015fi ulterior, dar aceasta nu poate fi retroactiv\u0103 iar data de \u00eenscriere va fi ziua \u00een care cet\u0103\u0163eanul prezint\u0103 cererea la Biroul consular de referin\u0163\u0103. Legea permite \u015fi s\u0103 se fac\u0103 \u00eenainte [&hellip;]","protected":false},"author":8,"featured_media":0,"parent":312,"menu_order":2,"comment_status":"closed","ping_status":"closed","template":"","meta":{"footnotes":""},"class_list":["post-316","page","type-page","status-publish","hentry"],"_links":{"self":[{"href":"https:\/\/ambbucarest.esteri.it\/ro\/wp-json\/wp\/v2\/pages\/316","targetHints":{"allow":["GET"]}}],"collection":[{"href":"https:\/\/ambbucarest.esteri.it\/ro\/wp-json\/wp\/v2\/pages"}],"about":[{"href":"https:\/\/ambbucarest.esteri.it\/ro\/wp-json\/wp\/v2\/types\/page"}],"author":[{"embeddable":true,"href":"https:\/\/ambbucarest.esteri.it\/ro\/wp-json\/wp\/v2\/users\/8"}],"replies":[{"embeddable":true,"href":"https:\/\/ambbucarest.esteri.it\/ro\/wp-json\/wp\/v2\/comments?post=316"}],"version-history":[{"count":1,"href":"https:\/\/ambbucarest.esteri.it\/ro\/wp-json\/wp\/v2\/pages\/316\/revisions"}],"predecessor-version":[{"id":317,"href":"https:\/\/ambbucarest.esteri.it\/ro\/wp-json\/wp\/v2\/pages\/316\/revisions\/317"}],"up":[{"embeddable":true,"href":"https:\/\/ambbucarest.esteri.it\/ro\/wp-json\/wp\/v2\/pages\/312"}],"wp:attachment":[{"href":"https:\/\/ambbucarest.esteri.it\/ro\/wp-json\/wp\/v2\/media?parent=316"}],"curies":[{"name":"wp","href":"https:\/\/api.w.org\/{rel}","templated":true}]}}