{"id":318,"date":"2023-10-24T15:23:15","date_gmt":"2023-10-24T12:23:15","guid":{"rendered":"https:\/\/ambbucarest.esteri.it\/?page_id=318"},"modified":"2023-12-11T10:36:54","modified_gmt":"2023-12-11T08:36:54","slug":"3-cine-trebuie-sa-se-inscrie-in-a-i-r-e-si-cine-nu-este-obligatoriu","status":"publish","type":"page","link":"https:\/\/ambbucarest.esteri.it\/ro\/servizi-consolari-e-visti\/servizi-per-il-cittadino-italiano\/a-i-r-e-registrul-de-stare-civila-al-italienilor-rezidenti-in-strainatate\/3-cine-trebuie-sa-se-inscrie-in-a-i-r-e-si-cine-nu-este-obligatoriu\/","title":{"rendered":"3. Cine trebuie s\u0103 se \u00eenscrie \u00een A.I.R.E. \u015fi cine nu, este obligatoriu?"},"content":{"rendered":"<p>Cine trebuie s\u0103 se \u00eenscrie \u00een A.I.R.E. \u015fi cine nu, este obligatoriu?<br \/>\nCet\u0103\u0163enii italieni care prin lege trebuie s\u0103 se \u00eenscrie obligatoriu \u00een A.I.R.E. sunt:<br \/>\n\u2022 Cet\u0103\u0163enii care \u00ee\u015fi transfer\u0103 propria re\u015fedin\u0163\u0103 \u00een str\u0103in\u0103tate pentru perioade mai mari de 12 luni consecutive; declara\u0163ia trebuie prezentat\u0103 \u00een termen de 90 de zile de la p\u0103r\u0103sirea definitiv\u0103 a \u0163\u0103rii \u015fi se poate cere \u015fi ulterior;<br \/>\n\u2022 Cet\u0103\u0163enii care locuiesc deja \u00een str\u0103in\u0103tate, fie pentru c\u0103 s-au n\u0103scut \u00een str\u0103in\u0103tate, fie datorit\u0103 dob\u00e2ndirii ulterioare a cet\u0103\u0163eniei italiene indiferent de mod. (<a href=\"https:\/\/ambbucarest.esteri.it\/ro\/servizi-consolari-e-visti\/servizi-per-il-cittadino-italiano\/a-i-r-e-registrul-de-stare-civila-al-italienilor-rezidenti-in-strainatate\/8-inscrierea-in-a-i-r-e-pentru-minori-si-nou-nascuti\/\"><strong>A se vedea \u015fi \u00eenscrierea \u00een A.I.R.E. a unui nou n\u0103scut de la punctul 8<\/strong><\/a>);<br \/>\nNu trebuie s\u0103 se \u00eenscrie \u00een A.I.R.E.:<br \/>\n\u2022 Persoanele care se deplaseaz\u0103 \u00een str\u0103in\u0103tate pentru o perioad\u0103 de timp mai mic\u0103 de un an (de exemplu: muncitori sezonieri, studen\u0163i Erasmus sau la alte cursuri mai mici de un an universitar) \u015fi care trebuie de\u015fi s\u0103-\u015fi p\u0103streze re\u015fedin\u0163a \u00een Italia;<br \/>\n\u2022 Angaja\u0163ii la stat care lucreaz\u0103 \u00een str\u0103in\u0103tate care au fost notifica\u0163i \u00een temeiul Conven\u0163iilor de la Viena cu privire la rela\u0163iile diplomatice \u015fi la rela\u0163iile consulare din 1961 \u015fi respectiv 1963;<br \/>\n\u2022 Directorii de \u015fcoli, profesorii \u015fi personalul administrativ al \u015fcolii suplinitori \u015fi trimi\u015fi \u00een str\u0103in\u0103tate \u00een cadrul activit\u0103\u0163ilor \u015fcolare \u00een afara teritoriului \u0163\u0103rii;<br \/>\n\u2022 Militarii italieni angaja\u0163i la birourile \u015fi structurile NATO deta\u015fate \u00een str\u0103in\u0103tate.<\/p>\n","protected":false},"excerpt":{"rendered":"Cine trebuie s\u0103 se \u00eenscrie \u00een A.I.R.E. \u015fi cine nu, este obligatoriu? Cet\u0103\u0163enii italieni care prin lege trebuie s\u0103 se \u00eenscrie obligatoriu \u00een A.I.R.E. sunt: \u2022 Cet\u0103\u0163enii care \u00ee\u015fi transfer\u0103 propria re\u015fedin\u0163\u0103 \u00een str\u0103in\u0103tate pentru perioade mai mari de 12 luni consecutive; declara\u0163ia trebuie prezentat\u0103 \u00een termen de 90 de zile de la p\u0103r\u0103sirea definitiv\u0103 [&hellip;]","protected":false},"author":8,"featured_media":0,"parent":312,"menu_order":3,"comment_status":"closed","ping_status":"closed","template":"","meta":{"footnotes":""},"class_list":["post-318","page","type-page","status-publish","hentry"],"_links":{"self":[{"href":"https:\/\/ambbucarest.esteri.it\/ro\/wp-json\/wp\/v2\/pages\/318","targetHints":{"allow":["GET"]}}],"collection":[{"href":"https:\/\/ambbucarest.esteri.it\/ro\/wp-json\/wp\/v2\/pages"}],"about":[{"href":"https:\/\/ambbucarest.esteri.it\/ro\/wp-json\/wp\/v2\/types\/page"}],"author":[{"embeddable":true,"href":"https:\/\/ambbucarest.esteri.it\/ro\/wp-json\/wp\/v2\/users\/8"}],"replies":[{"embeddable":true,"href":"https:\/\/ambbucarest.esteri.it\/ro\/wp-json\/wp\/v2\/comments?post=318"}],"version-history":[{"count":2,"href":"https:\/\/ambbucarest.esteri.it\/ro\/wp-json\/wp\/v2\/pages\/318\/revisions"}],"predecessor-version":[{"id":4138,"href":"https:\/\/ambbucarest.esteri.it\/ro\/wp-json\/wp\/v2\/pages\/318\/revisions\/4138"}],"up":[{"embeddable":true,"href":"https:\/\/ambbucarest.esteri.it\/ro\/wp-json\/wp\/v2\/pages\/312"}],"wp:attachment":[{"href":"https:\/\/ambbucarest.esteri.it\/ro\/wp-json\/wp\/v2\/media?parent=318"}],"curies":[{"name":"wp","href":"https:\/\/api.w.org\/{rel}","templated":true}]}}