{"id":320,"date":"2023-10-24T15:24:32","date_gmt":"2023-10-24T12:24:32","guid":{"rendered":"https:\/\/ambbucarest.esteri.it\/?page_id=320"},"modified":"2023-12-11T10:47:54","modified_gmt":"2023-12-11T08:47:54","slug":"4-vin-din-italia-pentru-a-mi-stabili-domiciliul-stabil-in-romania-ce-trebuie-sa-fac","status":"publish","type":"page","link":"https:\/\/ambbucarest.esteri.it\/ro\/servizi-consolari-e-visti\/servizi-per-il-cittadino-italiano\/a-i-r-e-registrul-de-stare-civila-al-italienilor-rezidenti-in-strainatate\/4-vin-din-italia-pentru-a-mi-stabili-domiciliul-stabil-in-romania-ce-trebuie-sa-fac\/","title":{"rendered":"4. Vin din Italia pentru a-mi stabili domiciliul stabil \u00een Rom\u00e2nia, ce trebuie s\u0103 fac?"},"content":{"rendered":"<p>Vin din Italia pentru a-mi stabili domiciliul stabil \u00een Rom\u00e2nia, ce trebuie s\u0103 fac?<br \/>\nCet\u0103\u0163enii italieni care vin s\u0103-\u015fi stabileasc\u0103 domiciliul stabil \u00een Rom\u00e2nia vor trebui s\u0103 trimit\u0103 o cerere de \u00eenscriere \u00een A.I.R.E. la Sec\u0163ia consular\u0103 din Bucure\u015fti prin FAST-IT.<br \/>\n\u00censcrierea este gratuit\u0103 \u015fi nu este necesar\u0103 prezen\u0163a persoanelor interesate.<br \/>\nPentru mai multe informa\u0163ii a se vedea punctul <a href=\"https:\/\/ambbucarest.esteri.it\/ro\/servizi-consolari-e-visti\/servizi-per-il-cittadino-italiano\/a-i-r-e-registrul-de-stare-civila-al-italienilor-rezidenti-in-strainatate\/6-cum-sa-te-inscrii-in-a-i-r-e\/\"><strong>6<\/strong> \u201c<strong>Cum s\u0103 te \u00eenscrii \u00een A.I.R.E.\u201d<\/strong><\/a><\/p>\n","protected":false},"excerpt":{"rendered":"Vin din Italia pentru a-mi stabili domiciliul stabil \u00een Rom\u00e2nia, ce trebuie s\u0103 fac? Cet\u0103\u0163enii italieni care vin s\u0103-\u015fi stabileasc\u0103 domiciliul stabil \u00een Rom\u00e2nia vor trebui s\u0103 trimit\u0103 o cerere de \u00eenscriere \u00een A.I.R.E. la Sec\u0163ia consular\u0103 din Bucure\u015fti prin FAST-IT. \u00censcrierea este gratuit\u0103 \u015fi nu este necesar\u0103 prezen\u0163a persoanelor interesate. Pentru mai multe informa\u0163ii [&hellip;]","protected":false},"author":8,"featured_media":0,"parent":312,"menu_order":4,"comment_status":"closed","ping_status":"closed","template":"","meta":{"footnotes":""},"class_list":["post-320","page","type-page","status-publish","hentry"],"_links":{"self":[{"href":"https:\/\/ambbucarest.esteri.it\/ro\/wp-json\/wp\/v2\/pages\/320","targetHints":{"allow":["GET"]}}],"collection":[{"href":"https:\/\/ambbucarest.esteri.it\/ro\/wp-json\/wp\/v2\/pages"}],"about":[{"href":"https:\/\/ambbucarest.esteri.it\/ro\/wp-json\/wp\/v2\/types\/page"}],"author":[{"embeddable":true,"href":"https:\/\/ambbucarest.esteri.it\/ro\/wp-json\/wp\/v2\/users\/8"}],"replies":[{"embeddable":true,"href":"https:\/\/ambbucarest.esteri.it\/ro\/wp-json\/wp\/v2\/comments?post=320"}],"version-history":[{"count":3,"href":"https:\/\/ambbucarest.esteri.it\/ro\/wp-json\/wp\/v2\/pages\/320\/revisions"}],"predecessor-version":[{"id":4141,"href":"https:\/\/ambbucarest.esteri.it\/ro\/wp-json\/wp\/v2\/pages\/320\/revisions\/4141"}],"up":[{"embeddable":true,"href":"https:\/\/ambbucarest.esteri.it\/ro\/wp-json\/wp\/v2\/pages\/312"}],"wp:attachment":[{"href":"https:\/\/ambbucarest.esteri.it\/ro\/wp-json\/wp\/v2\/media?parent=320"}],"curies":[{"name":"wp","href":"https:\/\/api.w.org\/{rel}","templated":true}]}}