{"id":322,"date":"2023-10-24T15:25:57","date_gmt":"2023-10-24T12:25:57","guid":{"rendered":"https:\/\/ambbucarest.esteri.it\/?page_id=322"},"modified":"2023-12-11T10:52:31","modified_gmt":"2023-12-11T08:52:31","slug":"5-vin-dintr-o-alta-tara-straina-pentru-a-mi-stabili-domiciliul-stabil-in-romania-ce-trebuie-sa-fac","status":"publish","type":"page","link":"https:\/\/ambbucarest.esteri.it\/ro\/servizi-consolari-e-visti\/servizi-per-il-cittadino-italiano\/a-i-r-e-registrul-de-stare-civila-al-italienilor-rezidenti-in-strainatate\/5-vin-dintr-o-alta-tara-straina-pentru-a-mi-stabili-domiciliul-stabil-in-romania-ce-trebuie-sa-fac\/","title":{"rendered":"5. Vin dintr-o alt\u0103 \u0163ar\u0103 str\u0103in\u0103 pentru a-mi stabili domiciliul stabil \u00een Rom\u00e2nia, ce trebuie s\u0103 fac?"},"content":{"rendered":"<p>Vin dintr-o alt\u0103 \u0163ar\u0103 str\u0103in\u0103 pentru a-mi stabili domiciliul stabil \u00een Rom\u00e2nia, ce trebuie s\u0103 fac?<br \/>\nCet\u0103\u0163enii italieni care provin dintr-o alt\u0103 \u0163ar\u0103 str\u0103in\u0103 \u015fi vin s\u0103-\u015fi stabileasc\u0103 domciliul stabil \u00een Rom\u00e2nia vor trebui s\u0103 trimit\u0103 o cerere de \u00eenscriere \u00een A.I.R.E. la aceast\u0103 Sec\u0163ie consular\u0103 din Bucure\u015fti.<br \/>\nATEN\u0162IE: Nu cere\u0163i schimbarea de adres\u0103. Schimb\u0103rile de adres\u0103 (<a href=\"https:\/\/ambbucarest.esteri.it\/ro\/servizi-consolari-e-visti\/servizi-per-il-cittadino-italiano\/a-i-r-e-registrul-de-stare-civila-al-italienilor-rezidenti-in-strainatate\/9-schimbarea-adresei-in-interiorul-aceleasi-circumscriptii-consulare\/\"><strong>a se vedea punctul 9<\/strong><\/a>) se trimit pentru schimb\u0103ri \u00een aceea\u015fi circumscrip\u0163ie consular\u0103 \u015fi nu pentru schimb\u0103ri din alte \u0163\u0103ri sau consulate.<br \/>\n\u00censcrierea este gratuit\u0103 \u015fi nu este necesar\u0103 prezen\u0163a persoanelor interesate.<br \/>\nPentru mai multe informa\u0163ii a se vedea punctul<a href=\"https:\/\/ambbucarest.esteri.it\/ro\/servizi-consolari-e-visti\/servizi-per-il-cittadino-italiano\/a-i-r-e-registrul-de-stare-civila-al-italienilor-rezidenti-in-strainatate\/6-cum-sa-te-inscrii-in-a-i-r-e\/\"><strong> 6 \u201cCum s\u0103 te \u00eenscrii \u00een A.I.R.E.\u201d<\/strong><\/a><br \/>\nDac\u0103 a\u0163i fost \u00eenregistrat \u00een A.I.R.E. la un Consulat\/o Ambasad\u0103 str\u0103in\u0103 anterior\/anterioar\u0103 va trebui \u00een orice caz s\u0103 trimite\u0163i o cerere de \u00eenscriere \u00een A.I.R.E. potrivit indica\u0163iilor de la punctul <a href=\"https:\/\/ambbucarest.esteri.it\/ro\/servizi-consolari-e-visti\/servizi-per-il-cittadino-italiano\/a-i-r-e-registrul-de-stare-civila-al-italienilor-rezidenti-in-strainatate\/6-cum-sa-te-inscrii-in-a-i-r-e\/\"><strong>6 \u201cCum s\u0103 te \u00eenscrii \u00een A.I.R.E.\u201d<\/strong><\/a> deoarece s-a schimbat circumscrip\u0163ia consular\u0103.<br \/>\nATEN\u0162IE: Nu cere\u0163i schimbarea de adres\u0103. Schimb\u0103rile de adres\u0103 (<a href=\"https:\/\/ambbucarest.esteri.it\/ro\/servizi-consolari-e-visti\/servizi-per-il-cittadino-italiano\/a-i-r-e-registrul-de-stare-civila-al-italienilor-rezidenti-in-strainatate\/9-schimbarea-adresei-in-interiorul-aceleasi-circumscriptii-consulare\/\"><strong>a se vedea punctul 9<\/strong><\/a>) se trimit pentru schimb\u0103ri \u00een aceea\u015fi circumscrip\u0163ie consular\u0103 \u015fi nu pentru schimb\u0103ri din alte \u0163\u0103ri sau consulate.<br \/>\nDac\u0103 nu a\u0163i fost \u00eenregistrat \u00een A.I.R.E. la un Consulat\/o Ambasad\u0103 str\u0103in\u0103 anterior\/anterioar\u0103 va trebui \u00een orice caz s\u0103 trimite\u0163i o cerere de \u00eenscriere \u00een A.I.R.E. potrivit indica\u0163iilor de la punctul <a href=\"https:\/\/ambbucarest.esteri.it\/ro\/servizi-consolari-e-visti\/servizi-per-il-cittadino-italiano\/a-i-r-e-registrul-de-stare-civila-al-italienilor-rezidenti-in-strainatate\/6-cum-sa-te-inscrii-in-a-i-r-e\/\"><strong>6 \u201cCum s\u0103 te \u00eenscrii \u00een A.I.R.E\u201d<\/strong><\/a><br \/>\nATEN\u0162IE: Nu cere\u0163i schimbarea de adres\u0103. Schimb\u0103rile de adres\u0103 (<a href=\"https:\/\/ambbucarest.esteri.it\/ro\/servizi-consolari-e-visti\/servizi-per-il-cittadino-italiano\/a-i-r-e-registrul-de-stare-civila-al-italienilor-rezidenti-in-strainatate\/9-schimbarea-adresei-in-interiorul-aceleasi-circumscriptii-consulare\/\"><strong>a se vedea punctul 9<\/strong><\/a>) se trimit pentru schimb\u0103ri \u00een aceea\u015fi circumscrip\u0163ie consular\u0103 \u015fi nu pentru schimb\u0103ri din alte \u0163\u0103ri sau consulate.<\/p>\n","protected":false},"excerpt":{"rendered":"Vin dintr-o alt\u0103 \u0163ar\u0103 str\u0103in\u0103 pentru a-mi stabili domiciliul stabil \u00een Rom\u00e2nia, ce trebuie s\u0103 fac? Cet\u0103\u0163enii italieni care provin dintr-o alt\u0103 \u0163ar\u0103 str\u0103in\u0103 \u015fi vin s\u0103-\u015fi stabileasc\u0103 domciliul stabil \u00een Rom\u00e2nia vor trebui s\u0103 trimit\u0103 o cerere de \u00eenscriere \u00een A.I.R.E. la aceast\u0103 Sec\u0163ie consular\u0103 din Bucure\u015fti. ATEN\u0162IE: Nu cere\u0163i schimbarea de adres\u0103. Schimb\u0103rile [&hellip;]","protected":false},"author":8,"featured_media":0,"parent":312,"menu_order":5,"comment_status":"closed","ping_status":"closed","template":"","meta":{"footnotes":""},"class_list":["post-322","page","type-page","status-publish","hentry"],"_links":{"self":[{"href":"https:\/\/ambbucarest.esteri.it\/ro\/wp-json\/wp\/v2\/pages\/322","targetHints":{"allow":["GET"]}}],"collection":[{"href":"https:\/\/ambbucarest.esteri.it\/ro\/wp-json\/wp\/v2\/pages"}],"about":[{"href":"https:\/\/ambbucarest.esteri.it\/ro\/wp-json\/wp\/v2\/types\/page"}],"author":[{"embeddable":true,"href":"https:\/\/ambbucarest.esteri.it\/ro\/wp-json\/wp\/v2\/users\/8"}],"replies":[{"embeddable":true,"href":"https:\/\/ambbucarest.esteri.it\/ro\/wp-json\/wp\/v2\/comments?post=322"}],"version-history":[{"count":2,"href":"https:\/\/ambbucarest.esteri.it\/ro\/wp-json\/wp\/v2\/pages\/322\/revisions"}],"predecessor-version":[{"id":4142,"href":"https:\/\/ambbucarest.esteri.it\/ro\/wp-json\/wp\/v2\/pages\/322\/revisions\/4142"}],"up":[{"embeddable":true,"href":"https:\/\/ambbucarest.esteri.it\/ro\/wp-json\/wp\/v2\/pages\/312"}],"wp:attachment":[{"href":"https:\/\/ambbucarest.esteri.it\/ro\/wp-json\/wp\/v2\/media?parent=322"}],"curies":[{"name":"wp","href":"https:\/\/api.w.org\/{rel}","templated":true}]}}