{"id":326,"date":"2023-10-24T15:29:37","date_gmt":"2023-10-24T12:29:37","guid":{"rendered":"https:\/\/ambbucarest.esteri.it\/?page_id=326"},"modified":"2023-10-24T16:09:50","modified_gmt":"2023-10-24T13:09:50","slug":"7-cerere-de-consultare-a-propriei-fise-de-stare-civila-asa-zisa-ason-pe-fast-it","status":"publish","type":"page","link":"https:\/\/ambbucarest.esteri.it\/ro\/servizi-consolari-e-visti\/servizi-per-il-cittadino-italiano\/a-i-r-e-registrul-de-stare-civila-al-italienilor-rezidenti-in-strainatate\/7-cerere-de-consultare-a-propriei-fise-de-stare-civila-asa-zisa-ason-pe-fast-it\/","title":{"rendered":"7. Cerere de \u201cConsultare a propriei fi\u015fe de stare civil\u0103\u201d (a\u015fa-zisa ASON) pe FAST-IT."},"content":{"rendered":"<p>Cerere de \u201cConsultare a propriei fi\u015fe de stare civil\u0103\u201d (a\u015fa-zisa ASON) pe FAST-IT.<br \/>\nPortalul FAST-IT permite utilizatorilor \u00eenregistra\u0163i deja s\u0103-\u015fi consulte \u00een orice moment propria fi\u015f\u0103 de stare civil\u0103 consular\u0103 aflat\u0103 la Biroul consular, inclusiv propria adres\u0103.<br \/>\nCet\u0103\u0163enii care s-au \u00eenscris \u00een A.I.R.E. \u00eenainte de introducerea portalului FAST-IT \u015fi care nu au folosit \u00eenc\u0103 portalul, vor trebui s\u0103 utilizeze o alt\u0103 procedur\u0103, denumit\u0103 \u201cConsultarea propriei fi\u015fe de stare civil\u0103\u201d (codul metodologic con\u0163ine denumirea ASON) pentru a putea consulta propriile date \u015fi a cere alte servicii disponibile pe platform\u0103, ca de exemplu schimbarea adresei\/sediului.<br \/>\nPa\u015fii pentru \u201cConsultarea propriei fi\u015fe de stare civil\u0103\u201d constau pur \u015fi simplu \u00een \u00eenc\u0103rcarea unui document de identitate al utilizatorului. Odat\u0103 ce Biroul consular a completat dosarul ASON, cet\u0103\u0163eanul \u00ee\u015fi va putea consulta propriile date personale \u00eenscrise \u00een fi\u015fa consular\u0103.<br \/>\nServiciul \u201cConsultarea propriei fi\u015fe de stare civil\u0103\u201d (ASON) const\u0103 \u00een simpla vizualizare a propriilor date \u015fi nu implic\u0103 nicio modificare sau cerere de \u00eenscriere \u00een A.I.R.E.<\/p>\n","protected":false},"excerpt":{"rendered":"Cerere de \u201cConsultare a propriei fi\u015fe de stare civil\u0103\u201d (a\u015fa-zisa ASON) pe FAST-IT. Portalul FAST-IT permite utilizatorilor \u00eenregistra\u0163i deja s\u0103-\u015fi consulte \u00een orice moment propria fi\u015f\u0103 de stare civil\u0103 consular\u0103 aflat\u0103 la Biroul consular, inclusiv propria adres\u0103. Cet\u0103\u0163enii care s-au \u00eenscris \u00een A.I.R.E. \u00eenainte de introducerea portalului FAST-IT \u015fi care nu au folosit \u00eenc\u0103 portalul, [&hellip;]","protected":false},"author":8,"featured_media":0,"parent":312,"menu_order":7,"comment_status":"closed","ping_status":"closed","template":"","meta":{"footnotes":""},"class_list":["post-326","page","type-page","status-publish","hentry"],"_links":{"self":[{"href":"https:\/\/ambbucarest.esteri.it\/ro\/wp-json\/wp\/v2\/pages\/326","targetHints":{"allow":["GET"]}}],"collection":[{"href":"https:\/\/ambbucarest.esteri.it\/ro\/wp-json\/wp\/v2\/pages"}],"about":[{"href":"https:\/\/ambbucarest.esteri.it\/ro\/wp-json\/wp\/v2\/types\/page"}],"author":[{"embeddable":true,"href":"https:\/\/ambbucarest.esteri.it\/ro\/wp-json\/wp\/v2\/users\/8"}],"replies":[{"embeddable":true,"href":"https:\/\/ambbucarest.esteri.it\/ro\/wp-json\/wp\/v2\/comments?post=326"}],"version-history":[{"count":1,"href":"https:\/\/ambbucarest.esteri.it\/ro\/wp-json\/wp\/v2\/pages\/326\/revisions"}],"predecessor-version":[{"id":327,"href":"https:\/\/ambbucarest.esteri.it\/ro\/wp-json\/wp\/v2\/pages\/326\/revisions\/327"}],"up":[{"embeddable":true,"href":"https:\/\/ambbucarest.esteri.it\/ro\/wp-json\/wp\/v2\/pages\/312"}],"wp:attachment":[{"href":"https:\/\/ambbucarest.esteri.it\/ro\/wp-json\/wp\/v2\/media?parent=326"}],"curies":[{"name":"wp","href":"https:\/\/api.w.org\/{rel}","templated":true}]}}