{"id":328,"date":"2023-10-24T15:30:36","date_gmt":"2023-10-24T12:30:36","guid":{"rendered":"https:\/\/ambbucarest.esteri.it\/?page_id=328"},"modified":"2023-12-11T11:04:54","modified_gmt":"2023-12-11T09:04:54","slug":"8-inscrierea-in-a-i-r-e-pentru-minori-si-nou-nascuti","status":"publish","type":"page","link":"https:\/\/ambbucarest.esteri.it\/ro\/servizi-consolari-e-visti\/servizi-per-il-cittadino-italiano\/a-i-r-e-registrul-de-stare-civila-al-italienilor-rezidenti-in-strainatate\/8-inscrierea-in-a-i-r-e-pentru-minori-si-nou-nascuti\/","title":{"rendered":"8. \u00censcrierea \u00een A.I.R.E. pentru minori \u015fi nou-n\u0103scu\u0163i."},"content":{"rendered":"<p>\u00censcrierea \u00een A.I.R.E. pentru minori \u015fi nou-n\u0103scu\u0163i.<br \/>\n\u2022 \u00censcrierea \u00een A.I.R.E. a unui minor care convie\u0163uie\u015fte cu ambii p\u0103rin\u0163i<br \/>\nSe efectueaz\u0103 \u00eenscrierea \u00een A.I.R.E. potrivit indica\u0163iilor de la punctul <a href=\"https:\/\/ambbucarest.esteri.it\/ro\/servizi-consolari-e-visti\/servizi-per-il-cittadino-italiano\/a-i-r-e-registrul-de-stare-civila-al-italienilor-rezidenti-in-strainatate\/6-cum-sa-te-inscrii-in-a-i-r-e\/\"><strong>6 \u201cCum s\u0103 te \u00eenscrii \u00een A.I.R.E.\u201d<\/strong><\/a>. Va fi obligatoriu s\u0103 se \u00eencarce: documentele de identitate \u015fi dovezile de re\u015fedin\u0163\u0103 privitoare la \u00eentreaga familie, dar va fi suficient un formular unic cu semn\u0103turile ambilor p\u0103rin\u0163i.<br \/>\n\u2022 \u00censcrierea \u00een A.I.R.E. a unui minor care convie\u0163uie\u015fte cu unul din p\u0103rin\u0163i<br \/>\nFiind necesar consim\u0163\u0103m\u00e2ntul p\u0103rintelui care nu convie\u0163uie\u015fte cu acesta, chiar dac\u0103 este str\u0103in, cererea de \u00eenscriere \u00een A.I.R.E. a unui minor care convie\u0163uie\u015fte cu unul din p\u0103rin\u0163i trebuie f\u0103cut\u0103 \u00een mod excep\u0163ional prin po\u015fta scris\u0103.<br \/>\nFormularul de \u00eenscriere \u00een A.I.R.E. a unui minor care convie\u0163uie\u015fte cu unul din p\u0103rin\u0163i (<a href=\"https:\/\/ambbucarest.esteri.it\/wp-content\/uploads\/2023\/12\/Iscrizione-AIRE-minori.doc\"><strong>D\u0102 CLICK AICI<\/strong><\/a>)<br \/>\nCererea de \u00eenscriere\/modificare A.I.R.E. a unui minor care nu locuie\u015fte cu ambii p\u0103rin\u0163i trebuie s\u0103 fie semnat\u0103 de ambele persoane care exercit\u0103 r\u0103spunderea p\u0103rinteasc\u0103 \u015fi \u00eenso\u0163it\u0103 de copiile documentelor de identitate ale ambilor semnatari.<br \/>\n\u00cen lipsa exprim\u0103rii voin\u0163ei ambilor p\u0103rin\u0163i, la cerere va trebui \u00een orice caz s\u0103 se adauge foaia de consim\u0163\u0103m\u00e2nt nesemnat\u0103 \u015fi explica\u0163iile asupra lipsei consim\u0163\u0103m\u00e2ntului. Consim\u0163\u0103m\u00e2ntul trebuie s\u0103 fie actual, adic\u0103 s\u0103 nu dep\u0103\u015feasc\u0103 6 luni de la semnare.<br \/>\n\u00cen cazul \u00een care persoana interesat\u0103 nu poate prezenta consim\u0163\u0103m\u00e2ntul celuilalt p\u0103rinte, de exemplu din cauza decesului celuilalt p\u0103rinte sau din cauza unei m\u0103suri a instan\u0163ei de interzicere a autorit\u0103\u0163ii p\u0103rinte\u015fti a acestuia sau deoarece minorul a fost recunoscut doar de un p\u0103rinte, va trebui s\u0103 prezinte o documenta\u0163ie \u00een sprijinul situa\u0163iei declarate. \u00cen cazul \u00een care persoana interesat\u0103 declar\u0103 \u00een schimb simpla imposibilitate de a ob\u0163ine consim\u0163\u0103m\u00e2ntul celuilalt p\u0103rinte, ca de exemplu \u00een cazul \u00een care acesta este de neg\u0103sit, va trebui s\u0103 prezinte ultimele date de contact cunoscute unde poate fi eventual g\u0103sit, \u00een\u0163eleg\u00e2nd prin asta nu doar adresa, ci \u015fi eventualele contacte telefonice sau adresa de e-mail.<br \/>\n\u00censcrierea \u00een A.I.R.E. a unui nou-n\u0103scut<br \/>\nDac\u0103 un nou-n\u0103scut se na\u015fte \u00een Rom\u00e2nia \u015fi locuie\u015fte \u00een str\u0103in\u0103tate cu ambii p\u0103rin\u0163i numai cu unul din p\u0103rin\u0163i, str\u0103in sau italian, \u00eenscrierea \u00een A.I.R.E. a noului-n\u0103scut va fi efectuat\u0103 \u00een mod automat prin cererea de transcriere a na\u015fterii f\u0103r\u0103 a fi nevoie s\u0103 se prezinte o \u00eenscriere \u00een A.I.R.E.; va fi suficient\u0103 doar cererea de transcriere a na\u015fterii.<br \/>\nPentru a accesa sec\u0163iunea de transcriere a actului de na\u015ftere (<a href=\"https:\/\/ambbucarest.esteri.it\/ro\/servizi-consolari-e-visti\/servizi-per-il-cittadino-italiano\/stato-civile\/nastere\/\"><strong>D\u0102 CLICK AICI<\/strong><\/a>)<\/p>\n","protected":false},"excerpt":{"rendered":"\u00censcrierea \u00een A.I.R.E. pentru minori \u015fi nou-n\u0103scu\u0163i. \u2022 \u00censcrierea \u00een A.I.R.E. a unui minor care convie\u0163uie\u015fte cu ambii p\u0103rin\u0163i Se efectueaz\u0103 \u00eenscrierea \u00een A.I.R.E. potrivit indica\u0163iilor de la punctul 6 \u201cCum s\u0103 te \u00eenscrii \u00een A.I.R.E.\u201d. Va fi obligatoriu s\u0103 se \u00eencarce: documentele de identitate \u015fi dovezile de re\u015fedin\u0163\u0103 privitoare la \u00eentreaga familie, dar va [&hellip;]","protected":false},"author":8,"featured_media":0,"parent":312,"menu_order":8,"comment_status":"closed","ping_status":"closed","template":"","meta":{"footnotes":""},"class_list":["post-328","page","type-page","status-publish","hentry"],"_links":{"self":[{"href":"https:\/\/ambbucarest.esteri.it\/ro\/wp-json\/wp\/v2\/pages\/328","targetHints":{"allow":["GET"]}}],"collection":[{"href":"https:\/\/ambbucarest.esteri.it\/ro\/wp-json\/wp\/v2\/pages"}],"about":[{"href":"https:\/\/ambbucarest.esteri.it\/ro\/wp-json\/wp\/v2\/types\/page"}],"author":[{"embeddable":true,"href":"https:\/\/ambbucarest.esteri.it\/ro\/wp-json\/wp\/v2\/users\/8"}],"replies":[{"embeddable":true,"href":"https:\/\/ambbucarest.esteri.it\/ro\/wp-json\/wp\/v2\/comments?post=328"}],"version-history":[{"count":5,"href":"https:\/\/ambbucarest.esteri.it\/ro\/wp-json\/wp\/v2\/pages\/328\/revisions"}],"predecessor-version":[{"id":4154,"href":"https:\/\/ambbucarest.esteri.it\/ro\/wp-json\/wp\/v2\/pages\/328\/revisions\/4154"}],"up":[{"embeddable":true,"href":"https:\/\/ambbucarest.esteri.it\/ro\/wp-json\/wp\/v2\/pages\/312"}],"wp:attachment":[{"href":"https:\/\/ambbucarest.esteri.it\/ro\/wp-json\/wp\/v2\/media?parent=328"}],"curies":[{"name":"wp","href":"https:\/\/api.w.org\/{rel}","templated":true}]}}