{"id":330,"date":"2023-10-24T15:32:21","date_gmt":"2023-10-24T12:32:21","guid":{"rendered":"https:\/\/ambbucarest.esteri.it\/?page_id=330"},"modified":"2023-12-11T11:07:28","modified_gmt":"2023-12-11T09:07:28","slug":"9-schimbarea-adresei-in-interiorul-aceleasi-circumscriptii-consulare","status":"publish","type":"page","link":"https:\/\/ambbucarest.esteri.it\/ro\/servizi-consolari-e-visti\/servizi-per-il-cittadino-italiano\/a-i-r-e-registrul-de-stare-civila-al-italienilor-rezidenti-in-strainatate\/9-schimbarea-adresei-in-interiorul-aceleasi-circumscriptii-consulare\/","title":{"rendered":"9. Schimbarea adresei \u00een interiorul acelea\u015fi circumscrip\u0163ii consulare"},"content":{"rendered":"<p>Schimbarea adresei \u00een interiorul acelea\u015fi circumscrip\u0163ii consulare<br \/>\nDup\u0103 ce au ob\u0163inut \u00eenscrierea \u00een A.I.R.E. la circumscrip\u0163ia consular\u0103 din Bucure\u015fti, cet\u0103\u0163enii trebuie s\u0103-\u015fi actualizeze situa\u0163ia st\u0103rii civile, comunic\u00e2nd de urgen\u0163\u0103 biroului consular orice modificare a re\u015fedin\u0163ei \u00een str\u0103in\u0103tate.<br \/>\nSchimbarea adresei \u00een \u00een interiorul aceleea\u015fi circumscrip\u0163ii trebuie comunicat exclusiv prin <a href=\"https:\/\/serviziconsolari.esteri.it\/ScoFE\/index.sco\"><strong>FAST-IT<\/strong><\/a><br \/>\nEste suficient s\u0103 da\u0163i click pe \u201cAnagrafe Consolare e A.I.R.E.\u201d (\u201cRegistrul de stare civil\u0103 consular \u015fi A.I.R.E.\u201d) (iconi\u0163a memory stick) \u015fi apoi s\u0103 da\u0163i click pe \u201cComunic\u0163i modificarea de re\u015fedin\u0163\u0103\u201d. Dac\u0103 nu ave\u0163i deja un cont FAST-IT, este necesar s\u0103 crea\u0163i unul pentru a cere apoi servicii prin portal.<br \/>\nPentru cona\u0163ionalii \u00eenscri\u015fi \u00eenainte de introducerea portalului FAST-IT, pentru a putea accesa sec\u0163iunea schimb de adres\u0103, ace\u015ftia vor trebui s\u0103 cear\u0103 mai \u00eent\u00e2i serviciul \u201cConsultarea propriei fi\u015fe de stare civil\u0103\u201d (<a href=\"https:\/\/ambbucarest.esteri.it\/ambasciata_bucarest\/ro\/informazioni_e_servizi\/servizi_consolari\/anagrafe%20(aire)\/7-richiesta-per-visualizzare-la.html\"><strong>a se vedea punctul 7<\/strong><\/a>)<br \/>\nATEN\u0162IE: Mesajele portalului FAST-IT sunt unidirec\u0163ionale \u015fi servesc strict pentru notificarea eventualelor refuzuri sau probleme ale dosarelor prezentate. Nu se va r\u0103spunde la eventuale conversa\u0163ii \u00eencepute prin portal.<br \/>\nSchimb\u0103ri ale adresei minorilor care locuiesc cu unul din p\u0103rin\u0163i:<br \/>\nSe comunic\u0103 esclusiv prin po\u015fta scris\u0103 \u015fi este necesar consim\u0163\u0103m\u00e2ntul celuilalt p\u0103rinte, chiar dac\u0103 este str\u0103in. Pentru eventuale clarific\u0103ri asupra consim\u0163\u0103m\u00e2ntului (<a href=\"https:\/\/ambbucarest.esteri.it\/ro\/servizi-consolari-e-visti\/servizi-per-il-cittadino-italiano\/a-i-r-e-registrul-de-stare-civila-al-italienilor-rezidenti-in-strainatate\/8-inscrierea-in-a-i-r-e-pentru-minori-si-nou-nascuti\/\"><strong>a se vedea punctul 8<\/strong><\/a>)<br \/>\nFormularul de schimbare a adresei unui minor care convie\u0163uie\u015fte cu unul din p\u0103rin\u0163i (<a href=\"https:\/\/ambbucarest.esteri.it\/ro\/servizi-consolari-e-visti\/servizi-per-il-cittadino-italiano\/stato-civile\/nastere\/\"><strong>D\u0102 CLICK AICI<\/strong><\/a>)<\/p>\n","protected":false},"excerpt":{"rendered":"Schimbarea adresei \u00een interiorul acelea\u015fi circumscrip\u0163ii consulare Dup\u0103 ce au ob\u0163inut \u00eenscrierea \u00een A.I.R.E. la circumscrip\u0163ia consular\u0103 din Bucure\u015fti, cet\u0103\u0163enii trebuie s\u0103-\u015fi actualizeze situa\u0163ia st\u0103rii civile, comunic\u00e2nd de urgen\u0163\u0103 biroului consular orice modificare a re\u015fedin\u0163ei \u00een str\u0103in\u0103tate. Schimbarea adresei \u00een \u00een interiorul aceleea\u015fi circumscrip\u0163ii trebuie comunicat exclusiv prin FAST-IT Este suficient s\u0103 da\u0163i click pe [&hellip;]","protected":false},"author":8,"featured_media":0,"parent":312,"menu_order":9,"comment_status":"closed","ping_status":"closed","template":"","meta":{"footnotes":""},"class_list":["post-330","page","type-page","status-publish","hentry"],"_links":{"self":[{"href":"https:\/\/ambbucarest.esteri.it\/ro\/wp-json\/wp\/v2\/pages\/330","targetHints":{"allow":["GET"]}}],"collection":[{"href":"https:\/\/ambbucarest.esteri.it\/ro\/wp-json\/wp\/v2\/pages"}],"about":[{"href":"https:\/\/ambbucarest.esteri.it\/ro\/wp-json\/wp\/v2\/types\/page"}],"author":[{"embeddable":true,"href":"https:\/\/ambbucarest.esteri.it\/ro\/wp-json\/wp\/v2\/users\/8"}],"replies":[{"embeddable":true,"href":"https:\/\/ambbucarest.esteri.it\/ro\/wp-json\/wp\/v2\/comments?post=330"}],"version-history":[{"count":3,"href":"https:\/\/ambbucarest.esteri.it\/ro\/wp-json\/wp\/v2\/pages\/330\/revisions"}],"predecessor-version":[{"id":4156,"href":"https:\/\/ambbucarest.esteri.it\/ro\/wp-json\/wp\/v2\/pages\/330\/revisions\/4156"}],"up":[{"embeddable":true,"href":"https:\/\/ambbucarest.esteri.it\/ro\/wp-json\/wp\/v2\/pages\/312"}],"wp:attachment":[{"href":"https:\/\/ambbucarest.esteri.it\/ro\/wp-json\/wp\/v2\/media?parent=330"}],"curies":[{"name":"wp","href":"https:\/\/api.w.org\/{rel}","templated":true}]}}