{"id":332,"date":"2023-10-24T15:33:24","date_gmt":"2023-10-24T12:33:24","guid":{"rendered":"https:\/\/ambbucarest.esteri.it\/?page_id=332"},"modified":"2023-12-11T11:13:52","modified_gmt":"2023-12-11T09:13:52","slug":"10-sunt-deja-inscris-la-circumscriptia-consulara-din-bucuresti-si-vreau-sa-comunic-transferul-meu-la-o-alta-circumscriptie-consulara-ce-trebuie-sa-fac","status":"publish","type":"page","link":"https:\/\/ambbucarest.esteri.it\/ro\/servizi-consolari-e-visti\/servizi-per-il-cittadino-italiano\/a-i-r-e-registrul-de-stare-civila-al-italienilor-rezidenti-in-strainatate\/10-sunt-deja-inscris-la-circumscriptia-consulara-din-bucuresti-si-vreau-sa-comunic-transferul-meu-la-o-alta-circumscriptie-consulara-ce-trebuie-sa-fac\/","title":{"rendered":"10. Sunt deja \u00eenscris la circumscrip\u0163ia consular\u0103 din Bucure\u015fti \u015fi vreau s\u0103 comunic transferul meu la o alt\u0103 circumscrip\u0163ie consular\u0103, ce trebuie s\u0103 fac?"},"content":{"rendered":"<p>Sunt deja \u00eenscris la circumscrip\u0163ia consular\u0103 din Bucure\u015fti \u015fi vreau s\u0103 comunic transferul meu la o alt\u0103 circumscrip\u0163ie consular\u0103, ce trebuie s\u0103 fac?<br \/>\nTransferul poate fi comunicat prin portalul <a href=\"https:\/\/serviziconsolari.esteri.it\/ScoFE\/index.sco\"><strong>FAST-IT<\/strong><\/a><br \/>\nEste suficient s\u0103 da\u0163i click pe \u201cAnagrafe Consolare e A.I.R.E.\u201d (\u201cRegistrul de stare civil\u0103 consular \u015fi A.I.R.E.\u201d) (iconi\u0163a memory stick) \u015fi apoi s\u0103 da\u0163i click pe \u201cComunic\u0163i modificarea de re\u015fedin\u0163\u0103\u201d.<br \/>\nDac\u0103 nu ave\u0163i deja un cont FAST-IT, este necesar s\u0103 crea\u0163i unul pentru a cere apoi servicii prin portal.<br \/>\nCona\u0163ionalii \u00eenscri\u015fi \u00eenainte de introducerea portalului FAST-IT, pentru a putea accesa sec\u0163iunea schimb de adres\u0103, vor trebui s\u0103 cear\u0103 mai \u00eent\u00e2i serviciul \u201cConsultarea propriei fi\u015fe de stare civil\u0103\u201d <a href=\"https:\/\/ambbucarest.esteri.it\/ambasciata_bucarest\/ro\/informazioni_e_servizi\/servizi_consolari\/anagrafe%20(aire)\/7-richiesta-per-visualizzare-la.html\"><strong>(a se vedea punctul 7)<\/strong><\/a><br \/>\nATEN\u0162IE: Mesajele portalului FAST-IT sunt unidirec\u0163ionale \u015fi servesc strict pentru notificarea eventualelor refuzuri sau probleme ale dosarelor prezentate. Nu se va r\u0103spunde la eventuale conversa\u0163ii \u00eencepute prin portal.<br \/>\n\u00cen cazul lipsei unei cereri A.I.R.E. la noul Birou consular, cet\u0103\u0163eanului i se poate aplica m\u0103sura \u015ftergerii deoarece este de neg\u0103sit, potrivit Legii 104\/2002.<br \/>\nTransferuri \u00een alte circumscrip\u0163ii ale minorilor care locuiesc cu unul din p\u0103rin\u0163i:<br \/>\nSe comunic\u0103 esclusiv prin po\u015fta scris\u0103 \u015fi este necesar consim\u0163\u0103m\u00e2ntul celuilalt p\u0103rinte, chiar dac\u0103 este str\u0103in. Pentru eventuale clarific\u0103ri asupra consim\u0163\u0103m\u00e2ntului <a href=\"https:\/\/ambbucarest.esteri.it\/ro\/servizi-consolari-e-visti\/servizi-per-il-cittadino-italiano\/a-i-r-e-registrul-de-stare-civila-al-italienilor-rezidenti-in-strainatate\/8-inscrierea-in-a-i-r-e-pentru-minori-si-nou-nascuti\/\"><strong>(a se vedea punctul 8)<\/strong><\/a><br \/>\nFormularul de schimbare a adresei unui minor care convie\u0163uie\u015fte cu unul din p\u0103rin\u0163i <a href=\"https:\/\/ambbucarest.esteri.it\/wp-content\/uploads\/2023\/12\/Iscrizione-AIRE-minori.doc\"><strong>(D\u0102 CLICK AICI)<\/strong><\/a><br \/>\nCererea de transfer \u00eentr-o alt\u0103 \u0163ar\u0103 a unui minor implic\u0103 \u015ftergerea din fi\u015fa consular\u0103 din Bucure\u015fti, de aceea \u2013 pe l\u00e2ng\u0103 transmiterea cererii de transfer \u00eentr-o alt\u0103 \u0163ar\u0103 la Sec\u0163ia consular\u0103 din Bucure\u015fti, este necesar s\u0103 se trimit\u0103 o cerere A.I.R.E. la noul birou consular str\u0103in. Ambele dosare pot fi cerute \u00een acela\u015fi timp \u015fi nu este necesar s\u0103 se a\u015ftepte confirmarea \u015ftergerii din fi\u015fele din Bucure\u015fti pentru a cere modificarea A.I.R.E. la noul Birou consular.<\/p>\n","protected":false},"excerpt":{"rendered":"Sunt deja \u00eenscris la circumscrip\u0163ia consular\u0103 din Bucure\u015fti \u015fi vreau s\u0103 comunic transferul meu la o alt\u0103 circumscrip\u0163ie consular\u0103, ce trebuie s\u0103 fac? Transferul poate fi comunicat prin portalul FAST-IT Este suficient s\u0103 da\u0163i click pe \u201cAnagrafe Consolare e A.I.R.E.\u201d (\u201cRegistrul de stare civil\u0103 consular \u015fi A.I.R.E.\u201d) (iconi\u0163a memory stick) \u015fi apoi s\u0103 da\u0163i click [&hellip;]","protected":false},"author":8,"featured_media":0,"parent":312,"menu_order":10,"comment_status":"closed","ping_status":"closed","template":"","meta":{"footnotes":""},"class_list":["post-332","page","type-page","status-publish","hentry"],"_links":{"self":[{"href":"https:\/\/ambbucarest.esteri.it\/ro\/wp-json\/wp\/v2\/pages\/332","targetHints":{"allow":["GET"]}}],"collection":[{"href":"https:\/\/ambbucarest.esteri.it\/ro\/wp-json\/wp\/v2\/pages"}],"about":[{"href":"https:\/\/ambbucarest.esteri.it\/ro\/wp-json\/wp\/v2\/types\/page"}],"author":[{"embeddable":true,"href":"https:\/\/ambbucarest.esteri.it\/ro\/wp-json\/wp\/v2\/users\/8"}],"replies":[{"embeddable":true,"href":"https:\/\/ambbucarest.esteri.it\/ro\/wp-json\/wp\/v2\/comments?post=332"}],"version-history":[{"count":3,"href":"https:\/\/ambbucarest.esteri.it\/ro\/wp-json\/wp\/v2\/pages\/332\/revisions"}],"predecessor-version":[{"id":4161,"href":"https:\/\/ambbucarest.esteri.it\/ro\/wp-json\/wp\/v2\/pages\/332\/revisions\/4161"}],"up":[{"embeddable":true,"href":"https:\/\/ambbucarest.esteri.it\/ro\/wp-json\/wp\/v2\/pages\/312"}],"wp:attachment":[{"href":"https:\/\/ambbucarest.esteri.it\/ro\/wp-json\/wp\/v2\/media?parent=332"}],"curies":[{"name":"wp","href":"https:\/\/api.w.org\/{rel}","templated":true}]}}