{"id":334,"date":"2023-10-24T15:39:49","date_gmt":"2023-10-24T12:39:49","guid":{"rendered":"https:\/\/ambbucarest.esteri.it\/?page_id=334"},"modified":"2023-10-24T16:14:11","modified_gmt":"2023-10-24T13:14:11","slug":"11-inceperea-inscrierii-in-a-i-r-e-cand-si-cine-o-stabileste","status":"publish","type":"page","link":"https:\/\/ambbucarest.esteri.it\/ro\/servizi-consolari-e-visti\/servizi-per-il-cittadino-italiano\/a-i-r-e-registrul-de-stare-civila-al-italienilor-rezidenti-in-strainatate\/11-inceperea-inscrierii-in-a-i-r-e-cand-si-cine-o-stabileste\/","title":{"rendered":"11. \u00cenceperea \u00eenscrierii \u00een A.I.R.E., c\u00e2nd \u015fi cine o stabile\u015fte?"},"content":{"rendered":"<p>\u00cenceperea \u00eenscrierii \u00een A.I.R.E., c\u00e2nd \u015fi cine o stabile\u015fte?<br \/>\nData \u00eenceperii \u00eenscrierii \u00een A.I.R.E. este stabilit\u0103 de Prim\u0103ria italian\u0103, nu de Biroul consular.<br \/>\nPotrivit Decretului-lege nr. 22 din 25 martie 2019 (a\u015fa-zisul \u201cDecret Brexit\u201d), art.16 alin.3, \u00eenscrierea \u00een A.I.R.E. \u00ee\u015fi va produce efectele \u00eencep\u00e2nd cu data la care cet\u0103\u0163eanul prezint\u0103 cererea A.I.R.E. la Biroul Consular competent.<br \/>\nEventualele cereri asupra datei de \u00eencepere a \u00eenscrierii \u00een A.I.R.E. vor fi adresate direct Prim\u0103riei din Italia, unica institu\u0163ie competent\u0103 s\u0103 stabileasc\u0103 aceast\u0103 dat\u0103.<\/p>\n","protected":false},"excerpt":{"rendered":"\u00cenceperea \u00eenscrierii \u00een A.I.R.E., c\u00e2nd \u015fi cine o stabile\u015fte? Data \u00eenceperii \u00eenscrierii \u00een A.I.R.E. este stabilit\u0103 de Prim\u0103ria italian\u0103, nu de Biroul consular. Potrivit Decretului-lege nr. 22 din 25 martie 2019 (a\u015fa-zisul \u201cDecret Brexit\u201d), art.16 alin.3, \u00eenscrierea \u00een A.I.R.E. \u00ee\u015fi va produce efectele \u00eencep\u00e2nd cu data la care cet\u0103\u0163eanul prezint\u0103 cererea A.I.R.E. la Biroul Consular [&hellip;]","protected":false},"author":8,"featured_media":0,"parent":312,"menu_order":11,"comment_status":"closed","ping_status":"closed","template":"","meta":{"footnotes":""},"class_list":["post-334","page","type-page","status-publish","hentry"],"_links":{"self":[{"href":"https:\/\/ambbucarest.esteri.it\/ro\/wp-json\/wp\/v2\/pages\/334","targetHints":{"allow":["GET"]}}],"collection":[{"href":"https:\/\/ambbucarest.esteri.it\/ro\/wp-json\/wp\/v2\/pages"}],"about":[{"href":"https:\/\/ambbucarest.esteri.it\/ro\/wp-json\/wp\/v2\/types\/page"}],"author":[{"embeddable":true,"href":"https:\/\/ambbucarest.esteri.it\/ro\/wp-json\/wp\/v2\/users\/8"}],"replies":[{"embeddable":true,"href":"https:\/\/ambbucarest.esteri.it\/ro\/wp-json\/wp\/v2\/comments?post=334"}],"version-history":[{"count":1,"href":"https:\/\/ambbucarest.esteri.it\/ro\/wp-json\/wp\/v2\/pages\/334\/revisions"}],"predecessor-version":[{"id":335,"href":"https:\/\/ambbucarest.esteri.it\/ro\/wp-json\/wp\/v2\/pages\/334\/revisions\/335"}],"up":[{"embeddable":true,"href":"https:\/\/ambbucarest.esteri.it\/ro\/wp-json\/wp\/v2\/pages\/312"}],"wp:attachment":[{"href":"https:\/\/ambbucarest.esteri.it\/ro\/wp-json\/wp\/v2\/media?parent=334"}],"curies":[{"name":"wp","href":"https:\/\/api.w.org\/{rel}","templated":true}]}}