{"id":336,"date":"2023-10-24T15:42:12","date_gmt":"2023-10-24T12:42:12","guid":{"rendered":"https:\/\/ambbucarest.esteri.it\/?page_id=336"},"modified":"2023-10-24T16:15:11","modified_gmt":"2023-10-24T13:15:11","slug":"12-termenele-de-inscriere-in-a-i-r-e-si-ale-schimbarilor-de-adresa-cand-pot-solicita-servicii-consulare-ca-rezident","status":"publish","type":"page","link":"https:\/\/ambbucarest.esteri.it\/ro\/servizi-consolari-e-visti\/servizi-per-il-cittadino-italiano\/a-i-r-e-registrul-de-stare-civila-al-italienilor-rezidenti-in-strainatate\/12-termenele-de-inscriere-in-a-i-r-e-si-ale-schimbarilor-de-adresa-cand-pot-solicita-servicii-consulare-ca-rezident\/","title":{"rendered":"12. Termenele de \u00eenscriere \u00een A.I.R.E. \u015fi ale schimb\u0103rilor de adres\u0103, c\u00e2nd pot solicita servicii consulare ca rezident?"},"content":{"rendered":"<p>Termenele de \u00eenscriere \u00een A.I.R.E. \u015fi ale schimb\u0103rilor de adres\u0103, c\u00e2nd pot solicita servicii consulare ca rezident?<br \/>\nV\u0103 inform\u0103m c\u0103 durata medie de a\u015fteptare pentru \u00eencheierea dosarelor de \u00eenscriere\/actualizare A.I.R.E. \u015fi pentru schimbarea adresei la aceea\u015fi circumscrip\u0163ie consular\u0103 este estimat\u0103 la circa 2 luni de la prezentarea cererii completate cu toate documentele necesare.<br \/>\nPortalul FAST-IT permite consultarea evolu\u0163iei cererii \u00een orice moment. Atunci c\u00e2nd situa\u0163ia dosarului indic\u0103 faptul c\u0103 este &#8222;Trimis la Prim\u0103rie&#8221; sau &#8222;Solu\u0163ionat&#8221; cet\u0103\u0163eanul va putea cere serviciile consulare, respect\u00e2nd modalit\u0103\u0163ile \u015fi cerin\u0163ele acestora. Cererile sunt solu\u0163ionate \u00een ordine cronologic\u0103 dup\u0103 data sosirii.<br \/>\nEventualele verific\u0103ri asupra evolu\u0163iei cererii A.I.R.E. vor putea fi trimise la adresa de e-mail <a href=\"mailto:anagrafe.bucarest@esteri.it\">anagrafe.bucarest@esteri.it<\/a> \u00a0.<\/p>\n","protected":false},"excerpt":{"rendered":"Termenele de \u00eenscriere \u00een A.I.R.E. \u015fi ale schimb\u0103rilor de adres\u0103, c\u00e2nd pot solicita servicii consulare ca rezident? V\u0103 inform\u0103m c\u0103 durata medie de a\u015fteptare pentru \u00eencheierea dosarelor de \u00eenscriere\/actualizare A.I.R.E. \u015fi pentru schimbarea adresei la aceea\u015fi circumscrip\u0163ie consular\u0103 este estimat\u0103 la circa 2 luni de la prezentarea cererii completate cu toate documentele necesare. Portalul FAST-IT [&hellip;]","protected":false},"author":8,"featured_media":0,"parent":312,"menu_order":12,"comment_status":"closed","ping_status":"closed","template":"","meta":{"footnotes":""},"class_list":["post-336","page","type-page","status-publish","hentry"],"_links":{"self":[{"href":"https:\/\/ambbucarest.esteri.it\/ro\/wp-json\/wp\/v2\/pages\/336","targetHints":{"allow":["GET"]}}],"collection":[{"href":"https:\/\/ambbucarest.esteri.it\/ro\/wp-json\/wp\/v2\/pages"}],"about":[{"href":"https:\/\/ambbucarest.esteri.it\/ro\/wp-json\/wp\/v2\/types\/page"}],"author":[{"embeddable":true,"href":"https:\/\/ambbucarest.esteri.it\/ro\/wp-json\/wp\/v2\/users\/8"}],"replies":[{"embeddable":true,"href":"https:\/\/ambbucarest.esteri.it\/ro\/wp-json\/wp\/v2\/comments?post=336"}],"version-history":[{"count":1,"href":"https:\/\/ambbucarest.esteri.it\/ro\/wp-json\/wp\/v2\/pages\/336\/revisions"}],"predecessor-version":[{"id":337,"href":"https:\/\/ambbucarest.esteri.it\/ro\/wp-json\/wp\/v2\/pages\/336\/revisions\/337"}],"up":[{"embeddable":true,"href":"https:\/\/ambbucarest.esteri.it\/ro\/wp-json\/wp\/v2\/pages\/312"}],"wp:attachment":[{"href":"https:\/\/ambbucarest.esteri.it\/ro\/wp-json\/wp\/v2\/media?parent=336"}],"curies":[{"name":"wp","href":"https:\/\/api.w.org\/{rel}","templated":true}]}}