{"id":342,"date":"2023-10-24T15:46:07","date_gmt":"2023-10-24T12:46:07","guid":{"rendered":"https:\/\/ambbucarest.esteri.it\/?page_id=342"},"modified":"2023-10-24T16:19:06","modified_gmt":"2023-10-24T13:19:06","slug":"15-cum-fac-sa-aflu-daca-cererea-mea-de-inscriere-in-a-i-r-e-sau-schimbarea-adresei-mele-au-fost-inregistrate","status":"publish","type":"page","link":"https:\/\/ambbucarest.esteri.it\/ro\/servizi-consolari-e-visti\/servizi-per-il-cittadino-italiano\/a-i-r-e-registrul-de-stare-civila-al-italienilor-rezidenti-in-strainatate\/15-cum-fac-sa-aflu-daca-cererea-mea-de-inscriere-in-a-i-r-e-sau-schimbarea-adresei-mele-au-fost-inregistrate\/","title":{"rendered":"15. Cum fac s\u0103 aflu dac\u0103 cererea mea de \u00eenscriere \u00een A.I.R.E. sau schimbarea adresei mele au fost \u00eenregistrate?"},"content":{"rendered":"<p>Cum fac s\u0103 aflu dac\u0103 cererea mea de \u00eenscriere \u00een A.I.R.E. sau schimbarea adresei mele au fost \u00eenregistrate?<br \/>\nAtunci c\u00e2nd Biroul consular transmite \u00eenscrierea \u00een A.I.R.E. sau orice actualizare la Prim\u0103ria din Italia, cet\u0103\u0163eanul va putea, prin intermediul portalului FAST-IT, s\u0103 controleze situa\u0163ia dosarului \u00een orice moment. Atunci c\u00e2nd situa\u0163ia dosarului va indica faptul c\u0103 este \u201cSolu\u0163ionat\u201d sau \u201cTransmis la Prim\u0103rie\u201d, acest lucru va \u00eensemna c\u0103 dosarul a fost solu\u0163ionat din punct de vedere consular.<br \/>\nPentru eventuale verific\u0103ri asupra situa\u0163iei personale \u00een A.I.R.E., cet\u0103\u0163enii vor trebui s\u0103 contacteze direct Prim\u0103ria de care apar\u0163in.<\/p>\n","protected":false},"excerpt":{"rendered":"Cum fac s\u0103 aflu dac\u0103 cererea mea de \u00eenscriere \u00een A.I.R.E. sau schimbarea adresei mele au fost \u00eenregistrate? Atunci c\u00e2nd Biroul consular transmite \u00eenscrierea \u00een A.I.R.E. sau orice actualizare la Prim\u0103ria din Italia, cet\u0103\u0163eanul va putea, prin intermediul portalului FAST-IT, s\u0103 controleze situa\u0163ia dosarului \u00een orice moment. Atunci c\u00e2nd situa\u0163ia dosarului va indica faptul c\u0103 [&hellip;]","protected":false},"author":8,"featured_media":0,"parent":312,"menu_order":15,"comment_status":"closed","ping_status":"closed","template":"","meta":{"footnotes":""},"class_list":["post-342","page","type-page","status-publish","hentry"],"_links":{"self":[{"href":"https:\/\/ambbucarest.esteri.it\/ro\/wp-json\/wp\/v2\/pages\/342","targetHints":{"allow":["GET"]}}],"collection":[{"href":"https:\/\/ambbucarest.esteri.it\/ro\/wp-json\/wp\/v2\/pages"}],"about":[{"href":"https:\/\/ambbucarest.esteri.it\/ro\/wp-json\/wp\/v2\/types\/page"}],"author":[{"embeddable":true,"href":"https:\/\/ambbucarest.esteri.it\/ro\/wp-json\/wp\/v2\/users\/8"}],"replies":[{"embeddable":true,"href":"https:\/\/ambbucarest.esteri.it\/ro\/wp-json\/wp\/v2\/comments?post=342"}],"version-history":[{"count":1,"href":"https:\/\/ambbucarest.esteri.it\/ro\/wp-json\/wp\/v2\/pages\/342\/revisions"}],"predecessor-version":[{"id":343,"href":"https:\/\/ambbucarest.esteri.it\/ro\/wp-json\/wp\/v2\/pages\/342\/revisions\/343"}],"up":[{"embeddable":true,"href":"https:\/\/ambbucarest.esteri.it\/ro\/wp-json\/wp\/v2\/pages\/312"}],"wp:attachment":[{"href":"https:\/\/ambbucarest.esteri.it\/ro\/wp-json\/wp\/v2\/media?parent=342"}],"curies":[{"name":"wp","href":"https:\/\/api.w.org\/{rel}","templated":true}]}}