{"id":344,"date":"2023-10-24T15:46:50","date_gmt":"2023-10-24T12:46:50","guid":{"rendered":"https:\/\/ambbucarest.esteri.it\/?page_id=344"},"modified":"2023-10-24T16:20:24","modified_gmt":"2023-10-24T13:20:24","slug":"16-cum-fac-sa-contactez-biroul-de-stare-civila-a-i-r-e","status":"publish","type":"page","link":"https:\/\/ambbucarest.esteri.it\/ro\/servizi-consolari-e-visti\/servizi-per-il-cittadino-italiano\/a-i-r-e-registrul-de-stare-civila-al-italienilor-rezidenti-in-strainatate\/16-cum-fac-sa-contactez-biroul-de-stare-civila-a-i-r-e\/","title":{"rendered":"16. Cum fac s\u0103 contactez Biroul de Stare civil\u0103\/A.I.R.E."},"content":{"rendered":"<p>Cum fac s\u0103 contactez Biroul de Stare civil\u0103\/A.I.R.E.<br \/>\nV\u0103 rug\u0103m s\u0103 scrie\u0163i \u00eentotdeauna \u015fi exclusiv birourilor competente \u015fi s\u0103 nu trimite\u0163i aceea\u015fi comunicare mai multor birouri.<br \/>\nDat fiind num\u0103rul foarte mare de cereri, se va acorda prioritate r\u0103spunsului cererilor care necesit\u0103 o aten\u0163ie deosebit\u0103 \u015fi se va evita s\u0103 se r\u0103spund\u0103 cererilor care primesc r\u0103spuns \u00een aceast\u0103 sec\u0163iune.<br \/>\nDate de contact:<br \/>\nE-mail Biroul de Stare Civil\u0103: <a href=\"mailto:anagrafe.bucarest@esteri.it\">anagrafe.bucarest@esteri.it<\/a><br \/>\nSchimb\u0103rile de adres\u0103 (\u00een interiorul circumscrip\u0163iei) \u015fi transferurile \u00een alte \u0163\u0103ri pot fi comunicate numai prin intermediul platformei FAST-IT, dup\u0103 \u00eenregistrarea \u00een sistem (dac\u0103 acest lucru nu s-a f\u0103cut deja \u00een trecut).<\/p>\n","protected":false},"excerpt":{"rendered":"Cum fac s\u0103 contactez Biroul de Stare civil\u0103\/A.I.R.E. V\u0103 rug\u0103m s\u0103 scrie\u0163i \u00eentotdeauna \u015fi exclusiv birourilor competente \u015fi s\u0103 nu trimite\u0163i aceea\u015fi comunicare mai multor birouri. Dat fiind num\u0103rul foarte mare de cereri, se va acorda prioritate r\u0103spunsului cererilor care necesit\u0103 o aten\u0163ie deosebit\u0103 \u015fi se va evita s\u0103 se r\u0103spund\u0103 cererilor care primesc r\u0103spuns [&hellip;]","protected":false},"author":8,"featured_media":0,"parent":312,"menu_order":16,"comment_status":"closed","ping_status":"closed","template":"","meta":{"footnotes":""},"class_list":["post-344","page","type-page","status-publish","hentry"],"_links":{"self":[{"href":"https:\/\/ambbucarest.esteri.it\/ro\/wp-json\/wp\/v2\/pages\/344","targetHints":{"allow":["GET"]}}],"collection":[{"href":"https:\/\/ambbucarest.esteri.it\/ro\/wp-json\/wp\/v2\/pages"}],"about":[{"href":"https:\/\/ambbucarest.esteri.it\/ro\/wp-json\/wp\/v2\/types\/page"}],"author":[{"embeddable":true,"href":"https:\/\/ambbucarest.esteri.it\/ro\/wp-json\/wp\/v2\/users\/8"}],"replies":[{"embeddable":true,"href":"https:\/\/ambbucarest.esteri.it\/ro\/wp-json\/wp\/v2\/comments?post=344"}],"version-history":[{"count":1,"href":"https:\/\/ambbucarest.esteri.it\/ro\/wp-json\/wp\/v2\/pages\/344\/revisions"}],"predecessor-version":[{"id":345,"href":"https:\/\/ambbucarest.esteri.it\/ro\/wp-json\/wp\/v2\/pages\/344\/revisions\/345"}],"up":[{"embeddable":true,"href":"https:\/\/ambbucarest.esteri.it\/ro\/wp-json\/wp\/v2\/pages\/312"}],"wp:attachment":[{"href":"https:\/\/ambbucarest.esteri.it\/ro\/wp-json\/wp\/v2\/media?parent=344"}],"curies":[{"name":"wp","href":"https:\/\/api.w.org\/{rel}","templated":true}]}}