{"id":405,"date":"2023-10-25T17:22:53","date_gmt":"2023-10-25T14:22:53","guid":{"rendered":"https:\/\/ambbucarest.esteri.it\/?page_id=405"},"modified":"2023-10-25T17:23:36","modified_gmt":"2023-10-25T14:23:36","slug":"pensii","status":"publish","type":"page","link":"https:\/\/ambbucarest.esteri.it\/ro\/servizi-consolari-e-visti\/servizi-per-il-cittadino-italiano\/pensioni-e-sicurezza-sociale\/pensii\/","title":{"rendered":"Pensii"},"content":{"rendered":"<p><strong>LATA PENSIILOR INPS \u00ceN STR\u0102IN\u0102TATE \u2013 COMUNICARE CU PRIVIRE LA CAMPANIA DE EVALUARE A EXISTENTEI DE VIA\u021a\u0102 PENTRU ANII 2022 \u0218I 2023<\/strong><br \/>\nINPS a comunicat modalit\u0103\u021bile de plat\u0103 a presta\u021biilor \u00een str\u0103in\u0103tate: verificarea existen\u021bei \u00een via\u021b\u0103 pentru anii 2022 \u0219i 2023. \u00cencep\u00e2nd cu data de 7 februarie 2022, pensionarii cu domiciliul pe continentul american, \u021b\u0103rile scandinave, \u00een statele din estul Europei \u0219i \u021b\u0103rile \u00eenvecinate, \u00een Asia, Orientul Mijlociu \u0219i \u00cendep\u0103rtat, vor primi de la Citibank NA formularele de cerere pentru dovada existen\u021bei \u00een via\u021b\u0103.<\/p>\n<p>Re\u021bine\u021bi c\u0103 pensionarii care \u00eencaseaz\u0103 \u00een str\u0103in\u0103tate pot contacta oficiile consulare prin intermediul serviciului de apel video.<\/p>\n<p>Afla\u021bi mai multe: <a href=\"https:\/\/bit.ly\/3sy4RNS\">https:\/\/bit.ly\/3sy4RNS<\/a> \u00a0si <a href=\"https:\/\/www.inps.it\/prestazioni-servizi\/accertamento-esistenza-in-vita-dei-pensionati-che-riscuotono-all-estero\">https:\/\/www.inps.it\/prestazioni-servizi\/accertamento-esistenza-in-vita-dei-pensionati-che-riscuotono-all-estero<\/a><\/p>\n<p>&nbsp;<\/p>\n<p>Plata pensiilor INPDAP c\u0103tre reziden\u0163ii \u00een Rom\u00e2nia\u00a0 se efectueaz\u0103 prin intermediul Ambasadei Italiei la Bucure\u015fti care transfer\u0103 veniturile provenite din pensie direct \u00een conturile bancare curente ale beneficiarilor.<\/p>\n","protected":false},"excerpt":{"rendered":"LATA PENSIILOR INPS \u00ceN STR\u0102IN\u0102TATE \u2013 COMUNICARE CU PRIVIRE LA CAMPANIA DE EVALUARE A EXISTENTEI DE VIA\u021a\u0102 PENTRU ANII 2022 \u0218I 2023 INPS a comunicat modalit\u0103\u021bile de plat\u0103 a presta\u021biilor \u00een str\u0103in\u0103tate: verificarea existen\u021bei \u00een via\u021b\u0103 pentru anii 2022 \u0219i 2023. \u00cencep\u00e2nd cu data de 7 februarie 2022, pensionarii cu domiciliul pe continentul american, \u021b\u0103rile [&hellip;]","protected":false},"author":8,"featured_media":0,"parent":192,"menu_order":0,"comment_status":"closed","ping_status":"closed","template":"","meta":{"footnotes":""},"class_list":["post-405","page","type-page","status-publish","hentry"],"_links":{"self":[{"href":"https:\/\/ambbucarest.esteri.it\/ro\/wp-json\/wp\/v2\/pages\/405","targetHints":{"allow":["GET"]}}],"collection":[{"href":"https:\/\/ambbucarest.esteri.it\/ro\/wp-json\/wp\/v2\/pages"}],"about":[{"href":"https:\/\/ambbucarest.esteri.it\/ro\/wp-json\/wp\/v2\/types\/page"}],"author":[{"embeddable":true,"href":"https:\/\/ambbucarest.esteri.it\/ro\/wp-json\/wp\/v2\/users\/8"}],"replies":[{"embeddable":true,"href":"https:\/\/ambbucarest.esteri.it\/ro\/wp-json\/wp\/v2\/comments?post=405"}],"version-history":[{"count":1,"href":"https:\/\/ambbucarest.esteri.it\/ro\/wp-json\/wp\/v2\/pages\/405\/revisions"}],"predecessor-version":[{"id":406,"href":"https:\/\/ambbucarest.esteri.it\/ro\/wp-json\/wp\/v2\/pages\/405\/revisions\/406"}],"up":[{"embeddable":true,"href":"https:\/\/ambbucarest.esteri.it\/ro\/wp-json\/wp\/v2\/pages\/192"}],"wp:attachment":[{"href":"https:\/\/ambbucarest.esteri.it\/ro\/wp-json\/wp\/v2\/media?parent=405"}],"curies":[{"name":"wp","href":"https:\/\/api.w.org\/{rel}","templated":true}]}}