{"id":472,"date":"2023-11-02T11:19:08","date_gmt":"2023-11-02T09:19:08","guid":{"rendered":"https:\/\/ambbucarest.esteri.it\/?page_id=472"},"modified":"2023-11-02T11:20:35","modified_gmt":"2023-11-02T09:20:35","slug":"permise-de-conducere","status":"publish","type":"page","link":"https:\/\/ambbucarest.esteri.it\/ro\/servizi-consolari-e-visti\/servizi-per-il-cittadino-italiano\/autoveicoli-e-patenti-di-guida\/permise-de-conducere\/","title":{"rendered":"Permise de conducere"},"content":{"rendered":"<p>Pentru informa\u0163ii suplimentare relative la tematica de mai jos da\u021bi <a href=\"https:\/\/www.esteri.it\/it\/servizi-consolari-e-visti\/italiani-all-estero\/autoveicoli_e_patenti\/patenteguida\"><strong>click aici<\/strong>.<\/a><\/p>\n<h3>PERMIS\u00a0 DE CONDUCERE<\/h3>\n<p>Cet\u0103\u0163eanul italian care vine \u00een Rom\u00e2nia pentru perioade scurte de timp poate s\u0103 foloseasc\u0103 carnetul de conducere italian conform Normelor Comunitare 439\/1991.<\/p>\n<p>Cet\u0103\u0163eanul italian care \u00eens\u0103 \u00ee\u015fi stabile\u015fte propria re\u015fedin\u0163\u0103 \u00een Rom\u00e2nia poate opta:<br \/>\n1)\u00a0s\u0103 preschimbepermisul s\u0103u de conducere \u00een baza art. 8 al Directivei Comunitare 439\/1991 ( aten\u0163ie: este facultativ, nu obligatoriu).<br \/>\n2)\u00a0s\u0103 p\u0103streze permisul s\u0103u de conducere. In aceast\u0103 a doua alternativ\u0103, permisului de conducere, \u00eenainte de data expir\u0103rii, i se poate prelungii valabilitatea numai adres\u00e2ndu-se Autorit\u0103\u0163ilor rom\u00e2ne care retrag permisul italian \u015fi predau concet\u0103\u0163eanului un permis de conducere rom\u00e2nesc. Astfel se aplica Directiva Comunicat\u0103 439\/91 care, printre altele, stabile\u015fte c\u0103 se poate fi titularul unui unic permis de conducere eliberat de unul dintre Statele membre ale UE.<br \/>\n3)\u00a0\u00een caz de furt, de pierdere sau deteriorare a permisului de conducere, concet\u0103\u0163eanul rezident \u00een Romania trebuie s\u0103 se adreseze Autorit\u0103\u0163ilor Rom\u00e2ne pentru eliberarea unui duplicat al permisului de conducere ( art.8, punctul 5, Directiva Comunitar\u0103 439\/1991.<\/p>\n<p><strong>Re\u0163inerea permisului de conducere pentru \u00eenc\u0103lcarea codului rutier rom\u00e2n<br \/>\n<\/strong><br \/>\nV\u0103 inform\u0103m c\u0103 pentru permisele de conducere italiene retrase de Organele Poli\u021biei Rom\u00e2ne, pentru \u00eenc\u0103lcarea Codului Rutier, procedura de restituire presupune contacte directe \u00eentre autorit\u0103\u021bile centrale ale Italiei \u0219i ale Rom\u00e2niei, f\u0103r\u0103 intermedierea reprezentan\u021belor diplomatice.<\/p>\n<p>\u00cen conformitate cu legisla\u021bia UE, autoritatea rom\u00e2n\u0103 competent\u0103 prevede restituirea permiselor de conducere italiene retrase \u00een Rom\u00e2nia direct c\u0103tre Ministerul italian al Infrastructurii \u0219i Transporturilor, Departamentul Transporturi, Naviga\u021bie, Afaceri Generale \u0219i Personal, Direc\u021bia General\u0103 pentru Motorizare.<\/p>\n","protected":false},"excerpt":{"rendered":"Pentru informa\u0163ii suplimentare relative la tematica de mai jos da\u021bi click aici. PERMIS\u00a0 DE CONDUCERE Cet\u0103\u0163eanul italian care vine \u00een Rom\u00e2nia pentru perioade scurte de timp poate s\u0103 foloseasc\u0103 carnetul de conducere italian conform Normelor Comunitare 439\/1991. Cet\u0103\u0163eanul italian care \u00eens\u0103 \u00ee\u015fi stabile\u015fte propria re\u015fedin\u0163\u0103 \u00een Rom\u00e2nia poate opta: 1)\u00a0s\u0103 preschimbepermisul s\u0103u de conducere \u00een [&hellip;]","protected":false},"author":8,"featured_media":0,"parent":194,"menu_order":0,"comment_status":"closed","ping_status":"closed","template":"","meta":{"footnotes":""},"class_list":["post-472","page","type-page","status-publish","hentry"],"_links":{"self":[{"href":"https:\/\/ambbucarest.esteri.it\/ro\/wp-json\/wp\/v2\/pages\/472","targetHints":{"allow":["GET"]}}],"collection":[{"href":"https:\/\/ambbucarest.esteri.it\/ro\/wp-json\/wp\/v2\/pages"}],"about":[{"href":"https:\/\/ambbucarest.esteri.it\/ro\/wp-json\/wp\/v2\/types\/page"}],"author":[{"embeddable":true,"href":"https:\/\/ambbucarest.esteri.it\/ro\/wp-json\/wp\/v2\/users\/8"}],"replies":[{"embeddable":true,"href":"https:\/\/ambbucarest.esteri.it\/ro\/wp-json\/wp\/v2\/comments?post=472"}],"version-history":[{"count":1,"href":"https:\/\/ambbucarest.esteri.it\/ro\/wp-json\/wp\/v2\/pages\/472\/revisions"}],"predecessor-version":[{"id":476,"href":"https:\/\/ambbucarest.esteri.it\/ro\/wp-json\/wp\/v2\/pages\/472\/revisions\/476"}],"up":[{"embeddable":true,"href":"https:\/\/ambbucarest.esteri.it\/ro\/wp-json\/wp\/v2\/pages\/194"}],"wp:attachment":[{"href":"https:\/\/ambbucarest.esteri.it\/ro\/wp-json\/wp\/v2\/media?parent=472"}],"curies":[{"name":"wp","href":"https:\/\/api.w.org\/{rel}","templated":true}]}}