{"id":514,"date":"2023-11-02T11:07:33","date_gmt":"2023-11-02T09:07:33","guid":{"rendered":"https:\/\/ambbucarest.esteri.it\/?page_id=514"},"modified":"2023-11-02T12:00:41","modified_gmt":"2023-11-02T10:00:41","slug":"notificari","status":"publish","type":"page","link":"https:\/\/ambbucarest.esteri.it\/ro\/servizi-consolari-e-visti\/servizi-per-il-cittadino-italiano\/notificari\/","title":{"rendered":"Notificari"},"content":{"rendered":"<p>Pentru informa\u0163ii suplimentare cu caracter general despre notific\u0103ri dati <strong><a href=\"http:\/\/www.esteri.it\/MAE\/IT\/Italiani_nel_Mondo\/ServiziConsolari\/Notifiche_estero.htm\">click aici<\/a><\/strong>.<\/p>\n<h3>NOTIFIC\u0102RI<\/h3>\n<p><strong>NOTIFIC\u0102RI ACTE JUDICIARE SI EXTRAJUDICIARE IN MATERIE CIVIL\u0102 \u015eI COMERCIAL\u0102<br \/>\n<\/strong>Cererile de asisten\u0163\u0103 judiciar\u0103 interna\u0163ional\u0103 av\u00e2nd ca obiect notificarea sau comunicarea actelor judiciare \u015fi extrajudiciare in materie civila si comerciala a persoanelor fizice sau juridice cu domiciliu sau re\u015fedin\u0163a \u00een Rom\u00e2nia sunt reglementate de <a href=\"https:\/\/eur-lex.europa.eu\/IT\/legal-content\/summary\/transmission-of-judicial-and-extrajudicial-documents-between-eu-countries-until-2022.html\"><strong>Regulamentul Consiliului (CE) nr. 1393\/2007 din 13\/11\/2007<\/strong><\/a>.<\/p>\n<p>A se \u0163ine cont \u00eens\u0103 c\u0103 Rom\u00e2nia se opune posibilit\u0103\u0163ii de notificare \u00een mod direct a unui act a\u015fa cum prevede art. 15 di Regulamentul 1393\/2007 catre cetatenii romani, dar \u00eencuvin\u0163eaz\u0103 notificarea directa pe cale diplomatico-consular\u0103 ( art.12 din Repulamentul 1393\/2007) numai c\u0103tre cet\u0103\u0163enii italieni.<\/p>\n<p>Documenta\u0163ia care urmeaz\u0103 a fi notificat\u0103 trebuie s\u0103 cuprind\u0103:<\/p>\n<p>1)\u00a0Scrisoarea de transmitere<br \/>\n2)\u00a0 Modelul standard a\u015fa cum rezult\u0103 la anexa I din Regulamentul 1939\/2007, redactat \u00een rom\u00e2n\u0103, englez\u0103 \u015fi francez\u0103<br \/>\n3)\u00a0Actul care trebuie notificat in dou\u0103 copii<br \/>\n4)\u00a0Traducerea actului \u00een limba rom\u00e2n\u0103 dac\u0103 destinatarul nu este italian.<\/p>\n<p><strong>Notificare de acte administrative<br \/>\n<\/strong>Pentru comunicarea de acte administrative trebuie sa se tin\u0103 seama c\u0103 Rom\u00e2nia nu a ratificat Conven\u0163ia de la Strasburg din 24.11.1977 \u015fi nu admite notificarea direct\u0103 pe teritoriul s\u0103u\u00a0 prin intermediul serviciilor po\u015ftale (scri\u015foare recomandat\u0103 cu confirmare de primire).<br \/>\nDe aceea, pentru\u00a0 aducerea la \u00eendeplinire a notific\u0103rii trebuie sa se respecte urm\u0103toarea procedur\u0103:<br \/>\nA)\u00a0Actele administrative pentru \u00eencasarea datoriilor neplatite pentru impozite de catre concet\u0103\u0163enii din Rom\u00e2nia (\u00a0 ex. soma\u0163ie de plat\u0103): Autorit\u0103\u0163ile pe teritoriul Italiei, in conformitate cu Legea nr.73\/2010,\u00a0 notific\u0103 direct\u00a0 c\u0103tre destinatari actele \u00een discu\u0163ie prin intermediul scrisorii recomandate cu confirmare de primire. Numai \u00een cazuri excep\u0163ionale \u015fi compatibil cu resursele economice disponibile, notificarea poate sa fie \u00eendeplinit\u0103 cu procedura prevazut\u0103 de art. 142 Cod Procedura Civila \u015fi 37 din Decretul Legislativ nr.71\/2011.<br \/>\nB)\u00a0Toate actele administrative ( ex. amenzi pentru \u00eenc\u0103lcarea regulilor codului rutier) trebuie sa fie notificate persoanelor cu re\u015fedin\u015fa \u00een Romania exclusiv prin intermediul Cancelariei Consulare la Bucuresti.<\/p>\n<p><strong>P.S.<\/strong> Se adreseaz\u0103 rug\u0103mintea de a nu transmite cereri de notificare cu adresa destinatarului incomplet\u0103 sau a se solicita adrese Cancelariei Consulare \u00eentruc\u00e2t Autorit\u0103\u0163ile rom\u00e2ne respect\u00e2nd legea privind confiden\u0163ialitatea datelor cu caracter personal nu fac cunoscute informa\u0163ii legate de domiciliu sau reziden\u0163a cet\u0103\u0163enilor rom\u00e2ni.<\/p>\n","protected":false},"excerpt":{"rendered":"Pentru informa\u0163ii suplimentare cu caracter general despre notific\u0103ri dati click aici. NOTIFIC\u0102RI NOTIFIC\u0102RI ACTE JUDICIARE SI EXTRAJUDICIARE IN MATERIE CIVIL\u0102 \u015eI COMERCIAL\u0102 Cererile de asisten\u0163\u0103 judiciar\u0103 interna\u0163ional\u0103 av\u00e2nd ca obiect notificarea sau comunicarea actelor judiciare \u015fi extrajudiciare in materie civila si comerciala a persoanelor fizice sau juridice cu domiciliu sau re\u015fedin\u0163a \u00een Rom\u00e2nia sunt reglementate [&hellip;]","protected":false},"author":8,"featured_media":0,"parent":185,"menu_order":8,"comment_status":"closed","ping_status":"closed","template":"","meta":{"footnotes":""},"class_list":["post-514","page","type-page","status-publish","hentry"],"_links":{"self":[{"href":"https:\/\/ambbucarest.esteri.it\/ro\/wp-json\/wp\/v2\/pages\/514","targetHints":{"allow":["GET"]}}],"collection":[{"href":"https:\/\/ambbucarest.esteri.it\/ro\/wp-json\/wp\/v2\/pages"}],"about":[{"href":"https:\/\/ambbucarest.esteri.it\/ro\/wp-json\/wp\/v2\/types\/page"}],"author":[{"embeddable":true,"href":"https:\/\/ambbucarest.esteri.it\/ro\/wp-json\/wp\/v2\/users\/8"}],"replies":[{"embeddable":true,"href":"https:\/\/ambbucarest.esteri.it\/ro\/wp-json\/wp\/v2\/comments?post=514"}],"version-history":[{"count":1,"href":"https:\/\/ambbucarest.esteri.it\/ro\/wp-json\/wp\/v2\/pages\/514\/revisions"}],"predecessor-version":[{"id":516,"href":"https:\/\/ambbucarest.esteri.it\/ro\/wp-json\/wp\/v2\/pages\/514\/revisions\/516"}],"up":[{"embeddable":true,"href":"https:\/\/ambbucarest.esteri.it\/ro\/wp-json\/wp\/v2\/pages\/185"}],"wp:attachment":[{"href":"https:\/\/ambbucarest.esteri.it\/ro\/wp-json\/wp\/v2\/media?parent=514"}],"curies":[{"name":"wp","href":"https:\/\/api.w.org\/{rel}","templated":true}]}}