{"id":517,"date":"2023-10-27T12:55:30","date_gmt":"2023-10-27T09:55:30","guid":{"rendered":"https:\/\/ambbucarest.esteri.it\/?page_id=517"},"modified":"2023-11-02T12:17:58","modified_gmt":"2023-11-02T10:17:58","slug":"adoptii","status":"publish","type":"page","link":"https:\/\/ambbucarest.esteri.it\/ro\/servizi-consolari-e-visti\/servizi-per-il-cittadino-italiano\/adoptii\/","title":{"rendered":"Adoptii"},"content":{"rendered":"<div>\n<p class=\"boxLevel03\"><strong>Adop\u0163ii interna\u0163ionale<\/strong><br \/>\nDin anul 2004 \u00een Rom\u00e2nia au fost suspendate adop\u0163iile interna\u0163ionale. Noile dispozi\u0163ii, adoptate \u00een aprilie 2012, confirm\u0103 interzicerea adop\u0163iilor de c\u0103tre so\u0163ii str\u0103ini, dac\u0103 nu sunt reziden\u0163i \u00een Rom\u00e2nia de cel pu\u0163in 5 ani. Totu\u015fi, a avut loc o u\u015foar\u0103 deschidere \u015fi ast\u0103zi se recunoa\u015fte posibilitatea de a adopta cuplurilor mixte, alc\u0103tuite din persoane nerezidente \u00een Rom\u00e2nia c\u00e2nd unul din cei doi p\u0103rin\u0163i este cet\u0103\u0163ean rom\u00e2n.<\/p>\n<p class=\"boxLevel03\">Adop\u021biile interna\u021bionale sunt reglementate de Legea nr. 183\/84 modificat\u0103 de Legea nr. 476\/98 de \u201eratificare \u0219i executare a Conven\u021biei asupra protec\u021biei minorilor \u0219i cooper\u0103rii \u00een materia adop\u021biei interna\u021bionale, \u00eencheiat\u0103 la Haga la 29 mai 1993\u201d (<a href=\"http:\/\/www.commissioneadozioni.it\/it\/la-normativa\/la-convenzione-dell'aja.aspx\">http:\/\/www.commissioneadozioni.it\/it\/la-normativa\/la-convenzione-dell&#8217;aja.aspx<\/a> ) \u0219i de Legea nr. 149 din 2001.<\/p>\n<p class=\"boxLevel03\">Scopul principal al Conven\u021biei de la Haga este s\u0103 stabileasc\u0103 garan\u0163ii pentru c\u0103 adop\u0163iile interna\u0163ionale s\u0103 se \u00eenf\u0103ptuiasc\u0103 \u00een interesul superior al copilului \u015fi \u00een respectul drepturilor fundamentale care \u00eei sunt recunoscute \u00een dreptul interna\u0163ional; s\u0103 instaureze un sistem de cooperare \u00eentre statele contractante pentru a asigura respectul acestor garan\u0163ii \u015fi s\u0103 previn\u0103 astfel r\u0103pirea, v\u00e2nzarea sau traficul de copii. Fac parte din Conven\u021bie: Albania, Australia, Austria, Belgia, Belarus, Brazilia, Bulgaria, Canada, Chile, Cipru, Danemarca, Estonia, Federa\u021bia Rus\u0103, Finlanda, Fran\u021ba, Georgia, Germania, Islanda, Irlanda, Israel, Italia, Letonia, Lituania, Luxemburg, Malta, Mexic, Monaco, Noua Zeeland\u0103, Norvegia, Panama, Olanda, Peru, Polonia, Portugalia, Republica Ceh\u0103, Republica Popular\u0103 Chinez\u0103, Regatul Unit al Marii Britanii, Republica Slovac\u0103, Rom\u00e2nia, Slovenia, Spania, Africa de Sud, Sri Lanka, Statele Unite ale Americii, Suedia, Elve\u021bia, Turcia, Ungaria, Uruguay, Venezuela.<\/p>\n<p class=\"boxLevel03\">Pentru toate informa\u021biile referitoare la procedura de urmat \u00een vederea adopt\u0103rii unui minor str\u0103in, pute\u021bi consulta site-ul web al Comisiei pentru adop\u021bii interna\u021bionale (<a href=\"http:\/\/www.commissioneadozioni.it\">www.commissioneadozioni.it<\/a> ) a c\u0103rei adres\u0103 este:<\/p>\n<p class=\"boxLevel03\">\n<strong>Commissione per le Adozioni Internazionali<\/strong><br \/>\n<strong>Via di Villa Ruffo 6<\/strong><br \/>\n<strong>00196 ROMA<\/strong><br \/>\n<strong>Tel: +39 06 67791 (centrala)<\/strong><br \/>\n<strong>Fax: +39 06 67792165<\/strong><br \/>\n<strong>e-mail: cai.segreteria-enti@palazzochigi.it<\/strong><\/p>\n<\/div>\n","protected":false},"excerpt":{"rendered":"Adop\u0163ii interna\u0163ionale Din anul 2004 \u00een Rom\u00e2nia au fost suspendate adop\u0163iile interna\u0163ionale. Noile dispozi\u0163ii, adoptate \u00een aprilie 2012, confirm\u0103 interzicerea adop\u0163iilor de c\u0103tre so\u0163ii str\u0103ini, dac\u0103 nu sunt reziden\u0163i \u00een Rom\u00e2nia de cel pu\u0163in 5 ani. Totu\u015fi, a avut loc o u\u015foar\u0103 deschidere \u015fi ast\u0103zi se recunoa\u015fte posibilitatea de a adopta cuplurilor mixte, alc\u0103tuite din [&hellip;]","protected":false},"author":8,"featured_media":0,"parent":185,"menu_order":1,"comment_status":"closed","ping_status":"closed","template":"","meta":{"footnotes":""},"class_list":["post-517","page","type-page","status-publish","hentry"],"_links":{"self":[{"href":"https:\/\/ambbucarest.esteri.it\/ro\/wp-json\/wp\/v2\/pages\/517","targetHints":{"allow":["GET"]}}],"collection":[{"href":"https:\/\/ambbucarest.esteri.it\/ro\/wp-json\/wp\/v2\/pages"}],"about":[{"href":"https:\/\/ambbucarest.esteri.it\/ro\/wp-json\/wp\/v2\/types\/page"}],"author":[{"embeddable":true,"href":"https:\/\/ambbucarest.esteri.it\/ro\/wp-json\/wp\/v2\/users\/8"}],"replies":[{"embeddable":true,"href":"https:\/\/ambbucarest.esteri.it\/ro\/wp-json\/wp\/v2\/comments?post=517"}],"version-history":[{"count":1,"href":"https:\/\/ambbucarest.esteri.it\/ro\/wp-json\/wp\/v2\/pages\/517\/revisions"}],"predecessor-version":[{"id":518,"href":"https:\/\/ambbucarest.esteri.it\/ro\/wp-json\/wp\/v2\/pages\/517\/revisions\/518"}],"up":[{"embeddable":true,"href":"https:\/\/ambbucarest.esteri.it\/ro\/wp-json\/wp\/v2\/pages\/185"}],"wp:attachment":[{"href":"https:\/\/ambbucarest.esteri.it\/ro\/wp-json\/wp\/v2\/media?parent=517"}],"curies":[{"name":"wp","href":"https:\/\/api.w.org\/{rel}","templated":true}]}}