{"id":5241,"date":"2024-11-06T13:37:33","date_gmt":"2024-11-06T11:37:33","guid":{"rendered":"https:\/\/ambbucarest.esteri.it\/?page_id=5241"},"modified":"2026-01-20T16:47:50","modified_gmt":"2026-01-20T14:47:50","slug":"pensii","status":"publish","type":"page","link":"https:\/\/ambbucarest.esteri.it\/ro\/servizi-consolari-e-visti\/servizi-per-il-cittadino-straniero\/pensii\/","title":{"rendered":"PENSII \u0218I ASIGUR\u0102RI SOCIALE"},"content":{"rendered":"<p><strong>ATEN\u021aIE!<\/strong><\/p>\n<p>Pentru a gestiona mai bine numeroasele solicit\u0103ri \u0219i a ra\u021bionaliza activitatea acestei institu\u021bii, \u00eencep\u00e2nd din s\u0103pt\u0103m\u00e2na 18 noiembrie 2024, Cancelaria Consular\u0103 a Ambasadei va procesa cererile de certificare a existen\u021bei \u00een via\u021b\u0103 <span style=\"text-decoration: underline;\"><strong>numai \u00een zilele d<\/strong><strong>e<\/strong><strong> joi, \u00ee<\/strong><strong>n<\/strong><strong>tre orele 10.00 \u0219i 13.00<\/strong>.<\/span> Ca alternativ\u0103 la serviciile oferite de Cancelaria Consular\u0103, interesa\u021bii sunt informa\u021bi c\u0103 <strong><span style=\"text-decoration: underline;\">acela\u0219i serviciu este disponibil \u0219i la casele jude\u021bene de pensii<\/span> <\/strong>care apar\u021bin de Casa Na\u021bional\u0103 de Pensii Publice.<\/p>\n<p>PENSII<\/p>\n<p><a href=\"https:\/\/ambbucarest.esteri.it\/wp-content\/uploads\/2026\/01\/PATRONATI-IN-ROMANIA.pdf\">PATRONATE<\/a><\/p>\n<p><a href=\"https:\/\/ambbucarest.esteri.it\/wp-content\/uploads\/2025\/03\/15961_Messaggio-numero-890-del-13-03-2025-1.pdf\"><strong>MESAJ INPS &#8211; Certific\u0103ri existen\u021be \u00een via\u021b\u0103 2025-2026<\/strong><\/a><\/p>\n<p>&nbsp;<\/p>\n","protected":false},"excerpt":{"rendered":"ATEN\u021aIE! Pentru a gestiona mai bine numeroasele solicit\u0103ri \u0219i a ra\u021bionaliza activitatea acestei institu\u021bii, \u00eencep\u00e2nd din s\u0103pt\u0103m\u00e2na 18 noiembrie 2024, Cancelaria Consular\u0103 a Ambasadei va procesa cererile de certificare a existen\u021bei \u00een via\u021b\u0103 numai \u00een zilele de joi, \u00eentre orele 10.00 \u0219i 13.00. Ca alternativ\u0103 la serviciile oferite de Cancelaria Consular\u0103, interesa\u021bii sunt informa\u021bi c\u0103 [&hellip;]","protected":false},"author":8,"featured_media":0,"parent":198,"menu_order":0,"comment_status":"closed","ping_status":"closed","template":"","meta":{"footnotes":""},"class_list":["post-5241","page","type-page","status-publish","hentry"],"_links":{"self":[{"href":"https:\/\/ambbucarest.esteri.it\/ro\/wp-json\/wp\/v2\/pages\/5241","targetHints":{"allow":["GET"]}}],"collection":[{"href":"https:\/\/ambbucarest.esteri.it\/ro\/wp-json\/wp\/v2\/pages"}],"about":[{"href":"https:\/\/ambbucarest.esteri.it\/ro\/wp-json\/wp\/v2\/types\/page"}],"author":[{"embeddable":true,"href":"https:\/\/ambbucarest.esteri.it\/ro\/wp-json\/wp\/v2\/users\/8"}],"replies":[{"embeddable":true,"href":"https:\/\/ambbucarest.esteri.it\/ro\/wp-json\/wp\/v2\/comments?post=5241"}],"version-history":[{"count":6,"href":"https:\/\/ambbucarest.esteri.it\/ro\/wp-json\/wp\/v2\/pages\/5241\/revisions"}],"predecessor-version":[{"id":7313,"href":"https:\/\/ambbucarest.esteri.it\/ro\/wp-json\/wp\/v2\/pages\/5241\/revisions\/7313"}],"up":[{"embeddable":true,"href":"https:\/\/ambbucarest.esteri.it\/ro\/wp-json\/wp\/v2\/pages\/198"}],"wp:attachment":[{"href":"https:\/\/ambbucarest.esteri.it\/ro\/wp-json\/wp\/v2\/media?parent=5241"}],"curies":[{"name":"wp","href":"https:\/\/api.w.org\/{rel}","templated":true}]}}