{"id":548,"date":"2023-11-02T11:11:55","date_gmt":"2023-11-02T09:11:55","guid":{"rendered":"https:\/\/ambbucarest.esteri.it\/?page_id=548"},"modified":"2023-11-03T11:21:38","modified_gmt":"2023-11-03T09:21:38","slug":"autovehicule","status":"publish","type":"page","link":"https:\/\/ambbucarest.esteri.it\/ro\/servizi-consolari-e-visti\/servizi-per-il-cittadino-italiano\/autoveicoli-e-patenti-di-guida\/autovehicule\/","title":{"rendered":"Autovehicule"},"content":{"rendered":"<h3>AVIZ IMPORTANT<\/h3>\n<p><a href=\"https:\/\/www.aci.it\/i-servizi\/guide-utili\/guida-pratiche-auto\/esportazione.html\">Ghidul online ACI<\/a>\u00a0(de vizitat pentru informa\u021bii generale)<\/p>\n<p>Procedura de radiere a autovehiculelor de la Registrul Public al Automobilelor (PRA) pentru export definitiv \u00een urma \u00eenregistr\u0103rii vehiculului \u00een str\u0103in\u0103tate, utilizabil\u0103 numai p\u00e2n\u0103 la 31 martie 2021.<\/p>\n<p>\u00cen mod excep\u021bional, birourile consulare vor putea transmite cereri de radiere pentru exportul definitiv \u00een str\u0103in\u0103tate <strong>al vehiculelor exportate p\u00e2n\u0103 la 31\/12\/2019 &#8211; dar re\u00eenmatriculate cu numere de \u00eenmatriculare str\u0103ine \u00een 2020 &#8211; numai p\u00e2n\u0103 la data de 31 martie 2021<\/strong>. Dup\u0103 aceast\u0103 dat\u0103, perioada de aplicare a procedurii excep\u021bionale legate de situa\u021bia de urgen\u021b\u0103 COVID 19 este considerat\u0103 \u00eencheiat\u0103 \u0219i se va aplica legisla\u021bia recent modificat\u0103 descris\u0103 \u00een paragrafele urm\u0103toare \u0219i \u00een sec\u021biunea site-ului web ACI dedicat\u0103 exporturilor:<\/p>\n<p><a href=\"http:\/\/www.aci.it\/i-servizi\/guide-utili\/guida-pratiche-auto\/esporto.html\">http:\/\/www.aci.it\/i-servizi\/guide-utili\/guida-pratiche-auto\/esporto.html<\/a><\/p>\n","protected":false},"excerpt":{"rendered":"AVIZ IMPORTANT Ghidul online ACI\u00a0(de vizitat pentru informa\u021bii generale) Procedura de radiere a autovehiculelor de la Registrul Public al Automobilelor (PRA) pentru export definitiv \u00een urma \u00eenregistr\u0103rii vehiculului \u00een str\u0103in\u0103tate, utilizabil\u0103 numai p\u00e2n\u0103 la 31 martie 2021. \u00cen mod excep\u021bional, birourile consulare vor putea transmite cereri de radiere pentru exportul definitiv \u00een str\u0103in\u0103tate al vehiculelor [&hellip;]","protected":false},"author":8,"featured_media":0,"parent":194,"menu_order":0,"comment_status":"closed","ping_status":"closed","template":"","meta":{"footnotes":""},"class_list":["post-548","page","type-page","status-publish","hentry"],"_links":{"self":[{"href":"https:\/\/ambbucarest.esteri.it\/ro\/wp-json\/wp\/v2\/pages\/548","targetHints":{"allow":["GET"]}}],"collection":[{"href":"https:\/\/ambbucarest.esteri.it\/ro\/wp-json\/wp\/v2\/pages"}],"about":[{"href":"https:\/\/ambbucarest.esteri.it\/ro\/wp-json\/wp\/v2\/types\/page"}],"author":[{"embeddable":true,"href":"https:\/\/ambbucarest.esteri.it\/ro\/wp-json\/wp\/v2\/users\/8"}],"replies":[{"embeddable":true,"href":"https:\/\/ambbucarest.esteri.it\/ro\/wp-json\/wp\/v2\/comments?post=548"}],"version-history":[{"count":1,"href":"https:\/\/ambbucarest.esteri.it\/ro\/wp-json\/wp\/v2\/pages\/548\/revisions"}],"predecessor-version":[{"id":549,"href":"https:\/\/ambbucarest.esteri.it\/ro\/wp-json\/wp\/v2\/pages\/548\/revisions\/549"}],"up":[{"embeddable":true,"href":"https:\/\/ambbucarest.esteri.it\/ro\/wp-json\/wp\/v2\/pages\/194"}],"wp:attachment":[{"href":"https:\/\/ambbucarest.esteri.it\/ro\/wp-json\/wp\/v2\/media?parent=548"}],"curies":[{"name":"wp","href":"https:\/\/api.w.org\/{rel}","templated":true}]}}