{"id":618,"date":"2023-10-26T15:39:29","date_gmt":"2023-10-26T12:39:29","guid":{"rendered":"https:\/\/ambbucarest.esteri.it\/?page_id=618"},"modified":"2026-02-23T12:38:37","modified_gmt":"2026-02-23T10:38:37","slug":"declaratii-de-valoare-si-declaratii-consulare-2","status":"publish","type":"page","link":"https:\/\/ambbucarest.esteri.it\/ro\/servizi-consolari-e-visti\/servizi-per-il-cittadino-straniero\/declaratii-de-valoare-si-declaratii-consulare-2\/","title":{"rendered":"Declaratii de valoare si declaratii consulare"},"content":{"rendered":"<p><strong>Sec\u021bia Consular\u0103 a Ambasadei Italiei la Bucure\u0219ti \u2013 Biroul de Studii<\/strong><br \/>\n<strong>Str. <\/strong><strong>Arhitect Ion Mincu nr. 12, sector 1<\/strong><br \/>\ncod po\u0219tal 011358 Bucure\u0219ti ROM\u00c2NIA<br \/>\nSITE WEB: www.ambbucarest.esteri.it<br \/>\ne-mail: dv.bucarest@esteri.it Tel: +40 21 223 24 24<\/p>\n<p><strong>ANUNT IMPORTANT<\/strong><\/p>\n<p>Inform\u0103m publicul c\u0103, \u00een mod excep\u021bional, publicarea calendarului cu locurile disponibile pentru luna aprile se va face \u00een cursul celei de-a treia s\u0103pt\u0103m\u00e2ni a lunii martie.<\/p>\n<p><strong>DECLINAREA RESPONSABILIT\u0102\u0162II<\/strong><\/p>\n<p><strong>I.<\/strong> Aceast\u0103 Ambasad\u0103 <strong>NU <\/strong>are competen\u0163a s\u0103 emit\u0103 Declara\u021bii de Valoare sau alte tipuri de declara\u021bii pentru <strong>CERTIFICAREA COMPETEN\u0162ELOR PENTRU PROFESIA DE CADRU DIDACTIC (TFA)\/SPECIALIZARE PENTRU ACTIVIT\u0102\u0162I DE SPRIJIN EDUCA\u0162IONAL<\/strong>, ob\u021binute \u00een Rom\u00e2nia \u00een urma absolvirii cursurilor postuniversitare.<\/p>\n<p>\u00cenainte de a \u00eencepe aceste cursuri, verifica\u021bi la C.N.R.E.D. (Centrul Na\u021bional pentru Recunoa\u0219terea \u0219i Echivalarea Diplomelor) din Bucure\u0219ti statutul universit\u0103\u021bii rom\u00e2ne\u0219ti alese \u0219i calificarea ob\u021binut\u0103.<\/p>\n<p><a href=\"https:\/\/cnred.edu.ro\/institutii-de-invatamant-superior-in-romania\">https:\/\/cnred.edu.ro\/institutii-de-invatamant-superior-in-romania<\/a><\/p>\n<p>Certificarea CNRED, util\u0103 \u00een procedurile de recunoa\u0219tere profesional\u0103 \u00een str\u0103in\u0103tate, nu poate fi eliberat\u0103 cet\u0103\u021benilor str\u0103ini care nu au ob\u021binut diploma (de trei sau patru ani) \u00een Rom\u00e2nia.<\/p>\n<p><strong>II.<\/strong> Aceast\u0103 Ambasad\u0103 <strong>NU<\/strong> are competen\u021ba de a emite <strong>ADEVERIN\u021aE DE CONFORMITATE<\/strong> pentru diplomele universitare rom\u00e2ne\u0219ti. \u00cen acest sens, utilizatorii interesa\u021bi sunt invita\u021bi s\u0103 contacteze ministerele competente din Rom\u00e2nia:<\/p>\n<p>Ministerul Educa\u021biei \u0219i Cercet\u0103rii<\/p>\n<p><a href=\"https:\/\/cnred.edu.ro\/adeverinta-de-conformitate-a-studiilor-cu-directivele-uniunii-europene\/\">https:\/\/cnred.edu.ro\/adeverinta-de-conformitate-a-studiilor-cu-directivele-uniunii-europene\/<\/a><\/p>\n<p>Ministerul S\u0103n\u0103t\u0103\u021bii<\/p>\n<p><a href=\"https:\/\/www.ms.ro\/ro\/informatii-de-interes-public\/specialisti\/recunoastere-diplome\/\">https:\/\/www.ms.ro\/ro\/informatii-de-interes-public\/specialisti\/recunoastere-diplome\/<\/a><\/p>\n<p><a href=\"https:\/\/dspb.ro\/\">https:\/\/dspb.ro\/<\/a> (Certificate de conformitate) pentru Bucure\u0219ti<\/p>\n<p><strong>III.<\/strong> Nu sunt necesare Declara\u021biile de valoare pentru cursurile profesionale rom\u00e2ne\u0219ti (cu excep\u021bia Diplomei\/Certificatului de absolvire a \u0219colii profesionale de 3 ani), \u00een scopul exercit\u0103rii profesiei, acestea nefiind cerute de ministerele italiene responsabile cu recunoa\u0219terea profesional\u0103, \u00eentruc\u00e2t Rom\u00e2nia este o \u021bar\u0103 UE.<\/p>\n<p><strong>IV.<\/strong> Declara\u021bia de valoare NU se elibereaz\u0103 pentru cicluri de studii incomplete efectuate pe teritoriul Rom\u00e2niei \u0219i nici nu se elibereaz\u0103 un atestat consular pentru transferul la o institu\u021bie de \u00eenv\u0103\u021b\u0103m\u00e2nt italian\u0103.<\/p>\n<p><strong>ANUN\u0162 PENTRU CEI INTERESA\u0162I:<\/strong><\/p>\n<p><strong>Pentru eliberarea declara\u021biilor de valoare a diplomelor de studii va trebui s\u0103 se fac\u0103 o programare exclusiv prin intermediul platformei online <\/strong><a href=\"https:\/\/prenotami.esteri.it\/\"><strong>Prenot@Mi<\/strong><\/a> <strong>.\u00a0<\/strong><strong><em><u>\u00cen cea de-a doua s\u0103pt\u0103m\u00e2n\u0103 a lunii va fi disponibil calendarul cu program\u0103rile din luna urm\u0103toare.<\/u><\/em><\/strong> V\u0103 rug\u0103m s\u0103 citi\u0163i instruc\u0163iunile publicate la sec\u0163iunea dedicat\u0103 declara\u0163iilor de valoare.<\/p>\n<p>Pentru \u00eenregistrarea \u0219i programarea unei \u00eent\u00e2lniri, trebuie s\u0103 urma\u021bi pa\u0219ii urm\u0103tori:<\/p>\n<p><strong>1) \u00ceNREGISTRARE<\/strong><br \/>\nSolicitan\u021bii (doar titularii diplomelor) trebuie s\u0103 se \u00eenregistreze pe portalul Prenot@Mi, introduc\u00e2nd:<br \/>\na) DATELE PERSONALE: prenume, nume, locul \u015fi data na\u015fterii;<br \/>\nb) CONTUL DE E-MAIL: adresa de e-mail (asigura\u0163i-v\u0103 c\u0103 este scris\u0103 corect) \u015fi parola;<br \/>\nc) DATELE DE CONTACT: adresa de domiciliu, \u0163ara \u015fi num\u0103rul de telefon;<br \/>\n<strong>2) ACTIVARE<\/strong><br \/>\nUtilizatorii vor primi un e-mail cu un link la adresa de e-mail folosit\u0103 pentru \u00eenregistrare. F\u0103c\u00e2nd clic pe acest link se va putea activa contul Prenot@Mi. Dac\u0103 nu primi\u0163i e-mailul \u00een \u201einbox\u201d, v\u0103 rug\u0103m s\u0103 verifica\u021bi \u0219i \u00een folderul spam.<br \/>\n<strong>3) PROGRAMARE<\/strong><br \/>\nPentru a face o programare este necesar:<br \/>\na) s\u0103 accesa\u021bi portalul cu datele dumneavoastr\u0103 de identificare (e-mail \u015fi parol\u0103);<br \/>\nb) s\u0103 selecta\u021bi \u201eProgrameaz\u0103-te\u201d \u015fi s\u0103 alege\u021bi prima zi disponibil\u0103 din calendar (eviden\u021biat\u0103 cu VERDE);<br \/>\nc) s\u0103 selecta\u0163i num\u0103rul de program\u0103ri; sunt permise 2 (dou\u0103) program\u0103ri pentru aceea\u0219i persoan\u0103 numai dac\u0103 diplomele sunt eliberate aceluia\u0219i titular (ex.: bacalaureat \u0219i licen\u021b\u0103 sau licen\u021b\u0103 \u0219i master).<\/p>\n<p><strong>N.B.<\/strong> Fiecare programare trebuie s\u0103 corespund\u0103 unei cereri de declara\u021bie de valoare pentru o singur\u0103 diplom\u0103 de studii.<\/p>\n<p><strong>ATEN\u021aIE!<\/strong><\/p>\n<p><strong>TITULARUL TREBUIE S\u0102 SE CONECTEZE DIN NOU PE PLATFORM\u0102 \u0218I S\u0102-\u0218I CONFIRME PROGRAMAREA CU 10 P\u00c2N\u0102 LA 3 ZILE \u00ceNAINTE DE DATA RESPECTIV\u0102, \u00ceN CAZ CONTRAR PROGRAMAREA SE ANULEAZ\u0102!<\/strong><\/p>\n<p><strong>IMPORTANT:<\/strong> Dac\u0103 \u00een momentul program\u0103rii apare mesajul \u201e\u00cen prezent nu exist\u0103 date disponibile pentru serviciul solicitat\u201d, sistemul semnaleaz\u0103 c\u0103 toate program\u0103rile disponibile au fost deja rezervate.<\/p>\n<p>Pentru mai multe detalii, consulta\u021bi manualul <a href=\"https:\/\/prenotami.esteri.it\/Manuale\/ManualeCittadino.docx\">Manuale dell\u2019Utente<\/a><\/p>\n","protected":false},"excerpt":{"rendered":"Sec\u021bia Consular\u0103 a Ambasadei Italiei la Bucure\u0219ti \u2013 Biroul de Studii Str. Arhitect Ion Mincu nr. 12, sector 1 cod po\u0219tal 011358 Bucure\u0219ti ROM\u00c2NIA SITE WEB: www.ambbucarest.esteri.it e-mail: dv.bucarest@esteri.it Tel: +40 21 223 24 24 ANUNT IMPORTANT Inform\u0103m publicul c\u0103, \u00een mod excep\u021bional, publicarea calendarului cu locurile disponibile pentru luna aprile se va face \u00een [&hellip;]","protected":false},"author":8,"featured_media":0,"parent":198,"menu_order":2,"comment_status":"closed","ping_status":"closed","template":"","meta":{"footnotes":""},"class_list":["post-618","page","type-page","status-publish","hentry"],"_links":{"self":[{"href":"https:\/\/ambbucarest.esteri.it\/ro\/wp-json\/wp\/v2\/pages\/618","targetHints":{"allow":["GET"]}}],"collection":[{"href":"https:\/\/ambbucarest.esteri.it\/ro\/wp-json\/wp\/v2\/pages"}],"about":[{"href":"https:\/\/ambbucarest.esteri.it\/ro\/wp-json\/wp\/v2\/types\/page"}],"author":[{"embeddable":true,"href":"https:\/\/ambbucarest.esteri.it\/ro\/wp-json\/wp\/v2\/users\/8"}],"replies":[{"embeddable":true,"href":"https:\/\/ambbucarest.esteri.it\/ro\/wp-json\/wp\/v2\/comments?post=618"}],"version-history":[{"count":6,"href":"https:\/\/ambbucarest.esteri.it\/ro\/wp-json\/wp\/v2\/pages\/618\/revisions"}],"predecessor-version":[{"id":7501,"href":"https:\/\/ambbucarest.esteri.it\/ro\/wp-json\/wp\/v2\/pages\/618\/revisions\/7501"}],"up":[{"embeddable":true,"href":"https:\/\/ambbucarest.esteri.it\/ro\/wp-json\/wp\/v2\/pages\/198"}],"wp:attachment":[{"href":"https:\/\/ambbucarest.esteri.it\/ro\/wp-json\/wp\/v2\/media?parent=618"}],"curies":[{"name":"wp","href":"https:\/\/api.w.org\/{rel}","templated":true}]}}